{"id":10747,"date":"2022-06-07T12:18:20","date_gmt":"2022-06-07T10:18:20","guid":{"rendered":"https:\/\/www.daslabor.com\/service-labo\/"},"modified":"2023-01-23T15:12:19","modified_gmt":"2023-01-23T14:12:19","slug":"togolais-lab-service","status":"publish","type":"page","link":"https:\/\/www.daslabor.com\/en\/laboratories\/togolais-allemand\/togolais-lab-service\/","title":{"rendered":"Lab Service"},"content":{"rendered":"<p>[et_pb_section fb_built=&#8221;1&#8243; admin_label=&#8221;Section&#8221; _builder_version=&#8221;4.17.4&#8243; background_color=&#8221;#FFFFFF&#8221; background_image=&#8221;https:\/\/www.daslabor.com\/wp-content\/uploads\/2022\/06\/lab-2170432-1.jpg&#8221; background_repeat=&#8221;repeat&#8221; width=&#8221;100%&#8221; custom_padding=&#8221;0px||0px||false|false&#8221; da_disable_devices=&#8221;off|off|off&#8221; locked=&#8221;off&#8221; global_colors_info=&#8221;{}&#8221; da_is_popup=&#8221;off&#8221; da_exit_intent=&#8221;off&#8221; da_has_close=&#8221;on&#8221; da_alt_close=&#8221;off&#8221; da_dark_close=&#8221;off&#8221; da_not_modal=&#8221;on&#8221; da_is_singular=&#8221;off&#8221; da_with_loader=&#8221;off&#8221; da_has_shadow=&#8221;on&#8221;][et_pb_row column_structure=&#8221;1_4,3_4&#8243; use_custom_gutter=&#8221;on&#8221; gutter_width=&#8221;1&#8243; make_equal=&#8221;on&#8221; _builder_version=&#8221;4.17.4&#8243; custom_padding=&#8221;50px||50px||false|false&#8221; global_colors_info=&#8221;{}&#8221;][et_pb_column type=&#8221;1_4&#8243; _builder_version=&#8221;4.17.4&#8243; _module_preset=&#8221;default&#8221; global_colors_info=&#8221;{}&#8221;][et_pb_image src=&#8221;https:\/\/www.daslabor.com\/wp-content\/uploads\/2022\/08\/Labor_Lome_450.jpg&#8221; title_text=&#8221;Labor_Lome_450&#8243; _builder_version=&#8221;4.17.4&#8243; _module_preset=&#8221;default&#8221; global_colors_info=&#8221;{}&#8221;][\/et_pb_image][\/et_pb_column][et_pb_column type=&#8221;3_4&#8243; _builder_version=&#8221;4.17.4&#8243; background_color=&#8221;rgba(70,94,148,0.8)&#8221; custom_padding=&#8221;15px|20px|15px|20px|true|false&#8221; custom_css_main_element=&#8221;border-left: 10px solid rgba(102,179,222,0.8);&#8221; global_colors_info=&#8221;{}&#8221;][et_pb_text _builder_version=&#8221;4.17.4&#8243; text_font=&#8221;|||on|||||&#8221; text_text_color=&#8221;#ffffff&#8221; header_font=&#8221;|600|||||||&#8221; header_text_color=&#8221;#FFFFFF&#8221; header_font_size=&#8221;28px&#8221; header_2_font=&#8221;|||on|||||&#8221; header_2_text_color=&#8221;#ffffff&#8221; header_2_font_size=&#8221;34px&#8221; header_2_line_height=&#8221;1.3em&#8221; custom_padding=&#8221;42px|||10px|false|false&#8221; global_colors_info=&#8221;{}&#8221;]<\/p>\n<h1>Laboratoire Medical Togolais-Allemand<\/h1>\n<h2>Service Labo<\/h2>\n<p>[\/et_pb_text][\/et_pb_column][\/et_pb_row][\/et_pb_section][et_pb_section fb_built=&#8221;1&#8243; _builder_version=&#8221;4.16&#8243; background_color=&#8221;#f3f4f4&#8243; custom_padding=&#8221;||100px|||&#8221; da_disable_devices=&#8221;off|off|off&#8221; global_colors_info=&#8221;{}&#8221; da_is_popup=&#8221;off&#8221; da_exit_intent=&#8221;off&#8221; da_has_close=&#8221;on&#8221; da_alt_close=&#8221;off&#8221; da_dark_close=&#8221;off&#8221; da_not_modal=&#8221;on&#8221; da_is_singular=&#8221;off&#8221; da_with_loader=&#8221;off&#8221; da_has_shadow=&#8221;on&#8221;][et_pb_row column_structure=&#8221;1_5,1_5,1_5,1_5,1_5&#8243; use_custom_gutter=&#8221;on&#8221; gutter_width=&#8221;2&#8243; make_equal=&#8221;on&#8221; _builder_version=&#8221;4.19.2&#8243; locked=&#8221;off&#8221; global_colors_info=&#8221;{}&#8221;][et_pb_column type=&#8221;1_5&#8243; module_class=&#8221;pfeil&#8221; _builder_version=&#8221;4.19.2&#8243; background_color=&#8221;#ffffff&#8221; custom_padding=&#8221;35px||30px||false|false&#8221; link_option_url=&#8221;\/laboratoires\/togolais-allemand\/service-labo\/&#8221; global_colors_info=&#8221;{}&#8221;][et_pb_blurb title=&#8221;Service Labo&#8221; image=&#8221;https:\/\/www.daslabor.com\/wp-content\/uploads\/2022\/05\/Das_Labor_Logo_Togo_Medical2.png&#8221; image_icon_width=&#8221;80%&#8221; _builder_version=&#8221;4.17.4&#8243; header_font=&#8221;|||on|||||&#8221; header_text_align=&#8221;center&#8221; header_text_color=&#8221;#465e94&#8243; header_font_size=&#8221;16px&#8221; header_line_height=&#8221;1.4em&#8221; custom_margin=&#8221;33px||||false|false&#8221; custom_css_blurb_image=&#8221;max-width: 80%;&#8221; global_colors_info=&#8221;{}&#8221;][\/et_pb_blurb][\/et_pb_column][et_pb_column type=&#8221;1_5&#8243; _builder_version=&#8221;4.17.4&#8243; background_color=&#8221;#ffffff&#8221; custom_padding=&#8221;35px||30px||false|false&#8221; link_option_url=&#8221;\/laboratoires\/togolais-allemand\/analyses-biologiques\/&#8221; global_colors_info=&#8221;{}&#8221;][et_pb_blurb title=&#8221;Analyses Biologiques &#8221; image=&#8221;https:\/\/www.daslabor.com\/wp-content\/uploads\/2020\/06\/verzeichnis-02.jpg&#8221; image_icon_width=&#8221;80%&#8221; _builder_version=&#8221;4.19.2&#8243; header_font=&#8221;|||on|||||&#8221; header_text_align=&#8221;center&#8221; header_text_color=&#8221;#465e94&#8243; header_font_size=&#8221;16px&#8221; global_colors_info=&#8221;{}&#8221;][\/et_pb_blurb][\/et_pb_column][et_pb_column type=&#8221;1_5&#8243; _builder_version=&#8221;4.17.4&#8243; background_color=&#8221;#ffffff&#8221; custom_padding=&#8221;35px||30px||false|false&#8221; link_option_url=&#8221;\/laboratoires\/togolais-allemand\/conseil-sante\/&#8221; global_colors_info=&#8221;{}&#8221;][et_pb_blurb title=&#8221;Conseil Sant\u00e9 &#8221; image=&#8221;https:\/\/www.daslabor.com\/wp-content\/uploads\/2020\/06\/order.jpg&#8221; image_icon_width=&#8221;80%&#8221; _builder_version=&#8221;4.17.4&#8243; header_font=&#8221;|||on|||||&#8221; header_text_align=&#8221;center&#8221; header_text_color=&#8221;#465e94&#8243; header_font_size=&#8221;16px&#8221; custom_padding=&#8221;12px|||||&#8221; global_colors_info=&#8221;{}&#8221;][\/et_pb_blurb][\/et_pb_column][et_pb_column type=&#8221;1_5&#8243; admin_label=&#8221;\/laboratoires\/togolais-allemand\/diagnostic\/&#8221; _builder_version=&#8221;4.19.2&#8243; background_color=&#8221;#FFFFFF&#8221; custom_padding=&#8221;35px||30px||false|false&#8221; link_option_url=&#8221;\/laboratoires\/togolais-allemand\/diagnostic\/&#8221; global_colors_info=&#8221;{}&#8221;][et_pb_blurb title=&#8221;ACC\u00c8S AUX R\u00c9SULTATS&#8221; use_icon=&#8221;on&#8221; font_icon=&#8221;&#x64;||divi||400&#8243; icon_color=&#8221;#465E94&#8243; image_icon_width=&#8221;62px&#8221; _builder_version=&#8221;4.19.2&#8243; header_font=&#8221;|||on|||||&#8221; header_text_align=&#8221;center&#8221; header_text_color=&#8221;#465e94&#8243; header_font_size=&#8221;16px&#8221; custom_padding=&#8221;12px|||||&#8221; global_colors_info=&#8221;{}&#8221;][\/et_pb_blurb][\/et_pb_column][et_pb_column type=&#8221;1_5&#8243; _builder_version=&#8221;4.19.2&#8243; background_color=&#8221;#FFFFFF&#8221; custom_padding=&#8221;35px||30px||false|false&#8221; link_option_url=&#8221;\/laboratoires\/togolais-allemand\/contact\/&#8221; global_colors_info=&#8221;{}&#8221;][et_pb_blurb title=&#8221;Contact&#8221; image=&#8221;https:\/\/www.daslabor.com\/wp-content\/uploads\/2020\/06\/contact-03.png&#8221; image_icon_width=&#8221;80%&#8221; _builder_version=&#8221;4.17.4&#8243; header_font=&#8221;|||on|||||&#8221; header_text_align=&#8221;center&#8221; header_text_color=&#8221;#465e94&#8243; header_font_size=&#8221;16px&#8221; custom_padding=&#8221;12px|||||&#8221; global_colors_info=&#8221;{}&#8221;][\/et_pb_blurb][\/et_pb_column][\/et_pb_row][et_pb_row _builder_version=&#8221;4.16&#8243; background_color=&#8221;#ffffff&#8221; custom_margin=&#8221;30px||||false|false&#8221; global_colors_info=&#8221;{}&#8221;][et_pb_column type=&#8221;4_4&#8243; _builder_version=&#8221;4.16&#8243; global_colors_info=&#8221;{}&#8221;][et_pb_text _builder_version=&#8221;4.17.4&#8243; width=&#8221;100%&#8221; width_tablet=&#8221;&#8221; width_phone=&#8221;100%&#8221; width_last_edited=&#8221;on|desktop&#8221; custom_padding=&#8221;20px|50px|20px|50px|true|true&#8221; global_colors_info=&#8221;{}&#8221;]<strong>OUVERTURE PROCHAINE!<\/strong><\/p>\n<p>Cr\u00e9\u00e9 par la coop\u00e9ration entre sp\u00e9cialistes en laboratoire biologique togolais et allemands, le Laboratoire M\u00e9dical Togolais &#8211; Allemand (LTA) met le professionnalisme au service de la qualit\u00e9 pour mieux vous servir.<\/p>\n<p>Le LTA introduit de nouvelles r\u00e9f\u00e9rences et standards \u00e9lev\u00e9s au Togo pour le diagnostic m\u00e9dical et la prise en charge de malades.<\/p>\n<p>C\u2019est un laboratoire polyvalent qui offre ses services en : Biochimie, H\u00e9matologie, H\u00e9mostase, Immunologie, S\u00e9rologie, Bact\u00e9riologie, Anatomo-pathologie, Biologie mol\u00e9culaire, Toxicologie, Hygi\u00e8ne et Environnement.<br \/>\n[\/et_pb_text][\/et_pb_column][\/et_pb_row][\/et_pb_section]<\/p>\n","protected":false},"excerpt":{"rendered":"<p>Laboratoire Medical Togolais-Allemand Service Labo OUVERTURE PROCHAINE! Cr\u00e9\u00e9 par la coop\u00e9ration entre sp\u00e9cialistes en laboratoire biologique togolais et allemands, le Laboratoire M\u00e9dical Togolais &#8211; Allemand (LTA) met le professionnalisme au service de la qualit\u00e9 pour mieux vous servir. Le LTA introduit de nouvelles r\u00e9f\u00e9rences et standards \u00e9lev\u00e9s au Togo pour le diagnostic m\u00e9dical et la [&hellip;]<\/p>\n","protected":false},"author":1,"featured_media":0,"parent":10752,"menu_order":0,"comment_status":"closed","ping_status":"closed","template":"","meta":{"_acf_changed":false,"_et_pb_use_builder":"on","_et_pb_old_content":"<p>[et_pb_section fb_built=\"1\" admin_label=\"Section\" _builder_version=\"4.17.4\" background_color=\"#FFFFFF\" background_image=\"https:\/\/www.daslabor.com\/wp-content\/uploads\/2022\/06\/lab-2170432-1.jpg\" background_repeat=\"repeat\" width=\"100%\" custom_padding=\"0px||0px||false|false\" da_disable_devices=\"off|off|off\" locked=\"off\" global_colors_info=\"{}\" da_is_popup=\"off\" da_exit_intent=\"off\" da_has_close=\"on\" da_alt_close=\"off\" da_dark_close=\"off\" da_not_modal=\"on\" da_is_singular=\"off\" da_with_loader=\"off\" da_has_shadow=\"on\"][et_pb_row column_structure=\"1_4,3_4\" use_custom_gutter=\"on\" gutter_width=\"1\" make_equal=\"on\" _builder_version=\"4.17.4\" custom_padding=\"50px||50px||false|false\" global_colors_info=\"{}\"][et_pb_column type=\"1_4\" _builder_version=\"4.17.4\" _module_preset=\"default\" global_colors_info=\"{}\"][et_pb_image src=\"https:\/\/www.daslabor.com\/wp-content\/uploads\/2022\/08\/Labor_Lome_450.jpg\" title_text=\"Labor_Lome_450\" _builder_version=\"4.17.4\" _module_preset=\"default\" global_colors_info=\"{}\"][\/et_pb_image][\/et_pb_column][et_pb_column type=\"3_4\" _builder_version=\"4.17.4\" background_color=\"rgba(70,94,148,0.8)\" custom_padding=\"15px|20px|15px|20px|true|false\" custom_css_main_element=\"border-left: 10px solid rgba(102,179,222,0.8);\" global_colors_info=\"{}\"][et_pb_text _builder_version=\"4.17.4\" text_font=\"|||on|||||\" text_text_color=\"#ffffff\" header_font=\"|600|||||||\" header_text_color=\"#FFFFFF\" header_font_size=\"28px\" header_2_font=\"|||on|||||\" header_2_text_color=\"#ffffff\" header_2_font_size=\"34px\" header_2_line_height=\"1.3em\" custom_padding=\"42px|||10px|false|false\" global_colors_info=\"{}\"]<\/p><h1>Laboratoire Medical Togolais-Allemand<\/h1><h2>Service Labo<\/h2><p>[\/et_pb_text][\/et_pb_column][\/et_pb_row][\/et_pb_section][et_pb_section fb_built=\"1\" _builder_version=\"4.16\" background_color=\"#f3f4f4\" custom_padding=\"||100px|||\" da_disable_devices=\"off|off|off\" global_colors_info=\"{}\" da_is_popup=\"off\" da_exit_intent=\"off\" da_has_close=\"on\" da_alt_close=\"off\" da_dark_close=\"off\" da_not_modal=\"on\" da_is_singular=\"off\" da_with_loader=\"off\" da_has_shadow=\"on\"][et_pb_row column_structure=\"1_5,1_5,1_5,1_5,1_5\" use_custom_gutter=\"on\" gutter_width=\"2\" make_equal=\"on\" _builder_version=\"4.19.2\" hover_enabled=\"0\" locked=\"off\" global_colors_info=\"{}\" sticky_enabled=\"0\"][et_pb_column type=\"1_5\" module_class=\"pfeil\" _builder_version=\"4.19.2\" background_color=\"#ffffff\" custom_padding=\"35px||30px||false|false\" link_option_url=\"\/laboratoires\/togolais-allemand\/service-labo\/\" global_colors_info=\"{}\"][et_pb_blurb title=\"Service Labo\" image=\"https:\/\/www.daslabor.com\/wp-content\/uploads\/2022\/05\/Das_Labor_Logo_Togo_Medical2.png\" image_icon_width=\"80%\" _builder_version=\"4.17.4\" header_font=\"|||on|||||\" header_text_align=\"center\" header_text_color=\"#465e94\" header_font_size=\"16px\" header_line_height=\"1.4em\" custom_margin=\"33px||||false|false\" custom_css_blurb_image=\"max-width: 80%;\" global_colors_info=\"{}\"][\/et_pb_blurb][\/et_pb_column][et_pb_column type=\"1_5\" _builder_version=\"4.17.4\" background_color=\"#ffffff\" custom_padding=\"35px||30px||false|false\" link_option_url=\"\/laboratoires\/togolais-allemand\/analyses-biologiques\/\" global_colors_info=\"{}\"][et_pb_blurb title=\"Analyses Biologiques \" image=\"https:\/\/www.daslabor.com\/wp-content\/uploads\/2020\/06\/verzeichnis-02.jpg\" image_icon_width=\"80%\" _builder_version=\"4.19.2\" header_font=\"|||on|||||\" header_text_align=\"center\" header_text_color=\"#465e94\" header_font_size=\"16px\" global_colors_info=\"{}\"][\/et_pb_blurb][\/et_pb_column][et_pb_column type=\"1_5\" _builder_version=\"4.17.4\" background_color=\"#ffffff\" custom_padding=\"35px||30px||false|false\" link_option_url=\"\/laboratoires\/togolais-allemand\/conseil-sante\/\" global_colors_info=\"{}\"][et_pb_blurb title=\"Conseil Sant\u00e9 \" image=\"https:\/\/www.daslabor.com\/wp-content\/uploads\/2020\/06\/order.jpg\" image_icon_width=\"80%\" _builder_version=\"4.17.4\" header_font=\"|||on|||||\" header_text_align=\"center\" header_text_color=\"#465e94\" header_font_size=\"16px\" custom_padding=\"12px|||||\" global_colors_info=\"{}\"][\/et_pb_blurb][\/et_pb_column][et_pb_column type=\"1_5\" _builder_version=\"4.19.2\" background_color=\"#FFFFFF\" custom_padding=\"35px||30px||false|false\" link_option_url=\"\/laboratoires\/togolais-allemand\/diagnostic\/\" hover_enabled=\"0\" global_colors_info=\"{}\" admin_label=\"\/laboratoires\/togolais-allemand\/diagnostic\/\" sticky_enabled=\"0\"][et_pb_blurb title=\"ACC\u00c8S AUX R\u00c9SULTATS\" use_icon=\"on\" font_icon=\"d||divi||400\" icon_color=\"#465E94\" image_icon_width=\"62px\" _builder_version=\"4.19.2\" header_font=\"|||on|||||\" header_text_align=\"center\" header_text_color=\"#465e94\" header_font_size=\"16px\" custom_padding=\"12px|||||\" global_colors_info=\"{}\"][\/et_pb_blurb][\/et_pb_column][et_pb_column type=\"1_5\" _builder_version=\"4.19.2\" background_color=\"#FFFFFF\" custom_padding=\"35px||30px||false|false\" link_option_url=\"\/laboratoires\/togolais-allemand\/contact\/\" global_colors_info=\"{}\"][et_pb_blurb title=\"Contact\" image=\"https:\/\/www.daslabor.com\/wp-content\/uploads\/2020\/06\/contact-03.png\" image_icon_width=\"80%\" _builder_version=\"4.17.4\" header_font=\"|||on|||||\" header_text_align=\"center\" header_text_color=\"#465e94\" header_font_size=\"16px\" custom_padding=\"12px|||||\" global_colors_info=\"{}\"][\/et_pb_blurb][\/et_pb_column][\/et_pb_row][et_pb_row _builder_version=\"4.16\" background_color=\"#ffffff\" custom_margin=\"30px||||false|false\" global_colors_info=\"{}\"][et_pb_column type=\"4_4\" _builder_version=\"4.16\" global_colors_info=\"{}\"][et_pb_text _builder_version=\"4.17.4\" width=\"100%\" width_tablet=\"\" width_phone=\"100%\" width_last_edited=\"on|desktop\" custom_padding=\"20px|50px|20px|50px|true|true\" global_colors_info=\"{}\"]<\/p><p><strong>OUVERTURE PROCHAINE!<\/strong><\/p><p>Cr\u00e9\u00e9 par la coop\u00e9ration entre sp\u00e9cialistes en laboratoire biologique togolais et allemands, le Laboratoire M\u00e9dical Togolais - Allemand (LTA) met le professionnalisme au service de la qualit\u00e9 pour mieux vous servir.<\/p><p>Le LTA introduit de nouvelles r\u00e9f\u00e9rences et standards \u00e9lev\u00e9s au Togo pour le diagnostic m\u00e9dical et la prise en charge de malades.<\/p><p>C\u2019est un laboratoire polyvalent qui offre ses services en : Biochimie, H\u00e9matologie, H\u00e9mostase, Immunologie, S\u00e9rologie, Bact\u00e9riologie, Anatomo-pathologie, Biologie mol\u00e9culaire, Toxicologie, Hygi\u00e8ne et Environnement.<\/p><p>[\/et_pb_text][\/et_pb_column][\/et_pb_row][\/et_pb_section]<\/p>","_et_gb_content_width":"","footnotes":""},"class_list":["post-10747","page","type-page","status-publish","hentry"],"acf":[],"yoast_head":"<!-- This site is optimized with the Yoast SEO plugin v26.9 - https:\/\/yoast.com\/product\/yoast-seo-wordpress\/ -->\n<title>Lab Service - Das Labor<\/title>\n<meta name=\"robots\" content=\"index, follow, max-snippet:-1, max-image-preview:large, max-video-preview:-1\" \/>\n<link rel=\"canonical\" href=\"https:\/\/www.daslabor.com\/en\/laboratories\/togolais-allemand\/togolais-lab-service\/\" \/>\n<meta property=\"og:locale\" content=\"en_US\" \/>\n<meta property=\"og:type\" content=\"article\" \/>\n<meta property=\"og:title\" content=\"Lab Service - Das Labor\" \/>\n<meta property=\"og:description\" content=\"Laboratoire Medical Togolais-Allemand Service Labo OUVERTURE PROCHAINE! Cr\u00e9\u00e9 par la coop\u00e9ration entre sp\u00e9cialistes en laboratoire biologique togolais et allemands, le Laboratoire M\u00e9dical Togolais - Allemand (LTA) met le professionnalisme au service de la qualit\u00e9 pour mieux vous servir. Le LTA introduit de nouvelles r\u00e9f\u00e9rences et standards \u00e9lev\u00e9s au Togo pour le diagnostic m\u00e9dical et la [&hellip;]\" \/>\n<meta property=\"og:url\" content=\"https:\/\/www.daslabor.com\/en\/laboratories\/togolais-allemand\/togolais-lab-service\/\" \/>\n<meta property=\"og:site_name\" content=\"Das Labor\" \/>\n<meta property=\"article:modified_time\" content=\"2023-01-23T14:12:19+00:00\" \/>\n<meta name=\"twitter:card\" content=\"summary_large_image\" \/>\n<meta name=\"twitter:label1\" content=\"Est. reading time\" \/>\n\t<meta name=\"twitter:data1\" content=\"2 minutes\" \/>\n<script type=\"application\/ld+json\" class=\"yoast-schema-graph\">{\"@context\":\"https:\/\/schema.org\",\"@graph\":[{\"@type\":\"WebPage\",\"@id\":\"https:\/\/www.daslabor.com\/en\/laboratories\/togolais-allemand\/togolais-lab-service\/\",\"url\":\"https:\/\/www.daslabor.com\/en\/laboratories\/togolais-allemand\/togolais-lab-service\/\",\"name\":\"Lab Service - Das Labor\",\"isPartOf\":{\"@id\":\"https:\/\/www.daslabor.com\/en\/#website\"},\"datePublished\":\"2022-06-07T10:18:20+00:00\",\"dateModified\":\"2023-01-23T14:12:19+00:00\",\"breadcrumb\":{\"@id\":\"https:\/\/www.daslabor.com\/en\/laboratories\/togolais-allemand\/togolais-lab-service\/#breadcrumb\"},\"inLanguage\":\"en-US\",\"potentialAction\":[{\"@type\":\"ReadAction\",\"target\":[\"https:\/\/www.daslabor.com\/en\/laboratories\/togolais-allemand\/togolais-lab-service\/\"]}]},{\"@type\":\"BreadcrumbList\",\"@id\":\"https:\/\/www.daslabor.com\/en\/laboratories\/togolais-allemand\/togolais-lab-service\/#breadcrumb\",\"itemListElement\":[{\"@type\":\"ListItem\",\"position\":1,\"name\":\"Startseite\",\"item\":\"https:\/\/www.daslabor.com\/en\/\"},{\"@type\":\"ListItem\",\"position\":2,\"name\":\"Laboratories\",\"item\":\"https:\/\/www.daslabor.com\/en\/laboratories\/\"},{\"@type\":\"ListItem\",\"position\":3,\"name\":\"Togolais &#8211; Allemand\",\"item\":\"https:\/\/www.daslabor.com\/en\/laboratories\/togolais-allemand\/\"},{\"@type\":\"ListItem\",\"position\":4,\"name\":\"Lab Service\"}]},{\"@type\":\"WebSite\",\"@id\":\"https:\/\/www.daslabor.com\/en\/#website\",\"url\":\"https:\/\/www.daslabor.com\/en\/\",\"name\":\"Das Labor\",\"description\":\"\",\"potentialAction\":[{\"@type\":\"SearchAction\",\"target\":{\"@type\":\"EntryPoint\",\"urlTemplate\":\"https:\/\/www.daslabor.com\/en\/?s={search_term_string}\"},\"query-input\":{\"@type\":\"PropertyValueSpecification\",\"valueRequired\":true,\"valueName\":\"search_term_string\"}}],\"inLanguage\":\"en-US\"}]}<\/script>\n<!-- \/ Yoast SEO plugin. -->","yoast_head_json":{"title":"Lab Service - Das Labor","robots":{"index":"index","follow":"follow","max-snippet":"max-snippet:-1","max-image-preview":"max-image-preview:large","max-video-preview":"max-video-preview:-1"},"canonical":"https:\/\/www.daslabor.com\/en\/laboratories\/togolais-allemand\/togolais-lab-service\/","og_locale":"en_US","og_type":"article","og_title":"Lab Service - Das Labor","og_description":"Laboratoire Medical Togolais-Allemand Service Labo OUVERTURE PROCHAINE! Cr\u00e9\u00e9 par la coop\u00e9ration entre sp\u00e9cialistes en laboratoire biologique togolais et allemands, le Laboratoire M\u00e9dical Togolais - Allemand (LTA) met le professionnalisme au service de la qualit\u00e9 pour mieux vous servir. Le LTA introduit de nouvelles r\u00e9f\u00e9rences et standards \u00e9lev\u00e9s au Togo pour le diagnostic m\u00e9dical et la [&hellip;]","og_url":"https:\/\/www.daslabor.com\/en\/laboratories\/togolais-allemand\/togolais-lab-service\/","og_site_name":"Das Labor","article_modified_time":"2023-01-23T14:12:19+00:00","twitter_card":"summary_large_image","twitter_misc":{"Est. reading time":"2 minutes"},"schema":{"@context":"https:\/\/schema.org","@graph":[{"@type":"WebPage","@id":"https:\/\/www.daslabor.com\/en\/laboratories\/togolais-allemand\/togolais-lab-service\/","url":"https:\/\/www.daslabor.com\/en\/laboratories\/togolais-allemand\/togolais-lab-service\/","name":"Lab Service - Das Labor","isPartOf":{"@id":"https:\/\/www.daslabor.com\/en\/#website"},"datePublished":"2022-06-07T10:18:20+00:00","dateModified":"2023-01-23T14:12:19+00:00","breadcrumb":{"@id":"https:\/\/www.daslabor.com\/en\/laboratories\/togolais-allemand\/togolais-lab-service\/#breadcrumb"},"inLanguage":"en-US","potentialAction":[{"@type":"ReadAction","target":["https:\/\/www.daslabor.com\/en\/laboratories\/togolais-allemand\/togolais-lab-service\/"]}]},{"@type":"BreadcrumbList","@id":"https:\/\/www.daslabor.com\/en\/laboratories\/togolais-allemand\/togolais-lab-service\/#breadcrumb","itemListElement":[{"@type":"ListItem","position":1,"name":"Startseite","item":"https:\/\/www.daslabor.com\/en\/"},{"@type":"ListItem","position":2,"name":"Laboratories","item":"https:\/\/www.daslabor.com\/en\/laboratories\/"},{"@type":"ListItem","position":3,"name":"Togolais &#8211; Allemand","item":"https:\/\/www.daslabor.com\/en\/laboratories\/togolais-allemand\/"},{"@type":"ListItem","position":4,"name":"Lab Service"}]},{"@type":"WebSite","@id":"https:\/\/www.daslabor.com\/en\/#website","url":"https:\/\/www.daslabor.com\/en\/","name":"Das Labor","description":"","potentialAction":[{"@type":"SearchAction","target":{"@type":"EntryPoint","urlTemplate":"https:\/\/www.daslabor.com\/en\/?s={search_term_string}"},"query-input":{"@type":"PropertyValueSpecification","valueRequired":true,"valueName":"search_term_string"}}],"inLanguage":"en-US"}]}},"_links":{"self":[{"href":"https:\/\/www.daslabor.com\/en\/wp-json\/wp\/v2\/pages\/10747","targetHints":{"allow":["GET"]}}],"collection":[{"href":"https:\/\/www.daslabor.com\/en\/wp-json\/wp\/v2\/pages"}],"about":[{"href":"https:\/\/www.daslabor.com\/en\/wp-json\/wp\/v2\/types\/page"}],"author":[{"embeddable":true,"href":"https:\/\/www.daslabor.com\/en\/wp-json\/wp\/v2\/users\/1"}],"replies":[{"embeddable":true,"href":"https:\/\/www.daslabor.com\/en\/wp-json\/wp\/v2\/comments?post=10747"}],"version-history":[{"count":3,"href":"https:\/\/www.daslabor.com\/en\/wp-json\/wp\/v2\/pages\/10747\/revisions"}],"predecessor-version":[{"id":10932,"href":"https:\/\/www.daslabor.com\/en\/wp-json\/wp\/v2\/pages\/10747\/revisions\/10932"}],"up":[{"embeddable":true,"href":"https:\/\/www.daslabor.com\/en\/wp-json\/wp\/v2\/pages\/10752"}],"wp:attachment":[{"href":"https:\/\/www.daslabor.com\/en\/wp-json\/wp\/v2\/media?parent=10747"}],"curies":[{"name":"wp","href":"https:\/\/api.w.org\/{rel}","templated":true}]}}