{"id":10763,"date":"2022-02-22T08:56:54","date_gmt":"2022-02-22T07:56:54","guid":{"rendered":"https:\/\/www.daslabor.com\/vision-mission\/"},"modified":"2023-06-07T13:59:14","modified_gmt":"2023-06-07T11:59:14","slug":"vision-mission","status":"publish","type":"page","link":"https:\/\/www.daslabor.com\/en\/head-office\/vision-mission\/","title":{"rendered":"Vision &#038; Mission"},"content":{"rendered":"<p>[et_pb_section fb_built=&#8221;1&#8243; admin_label=&#8221;Section&#8221; _builder_version=&#8221;4.17.4&#8243; background_color=&#8221;#FFFFFF&#8221; background_image=&#8221;https:\/\/www.daslabor.com\/wp-content\/uploads\/2022\/06\/lab-2170432-1.jpg&#8221; background_repeat=&#8221;repeat&#8221; width=&#8221;100%&#8221; custom_padding=&#8221;0px||0px||false|false&#8221; da_disable_devices=&#8221;off|off|off&#8221; locked=&#8221;off&#8221; global_colors_info=&#8221;{}&#8221; da_is_popup=&#8221;off&#8221; da_exit_intent=&#8221;off&#8221; da_has_close=&#8221;on&#8221; da_alt_close=&#8221;off&#8221; da_dark_close=&#8221;off&#8221; da_not_modal=&#8221;on&#8221; da_is_singular=&#8221;off&#8221; da_with_loader=&#8221;off&#8221; da_has_shadow=&#8221;on&#8221;][et_pb_row column_structure=&#8221;1_4,3_4&#8243; use_custom_gutter=&#8221;on&#8221; gutter_width=&#8221;1&#8243; make_equal=&#8221;on&#8221; _builder_version=&#8221;4.17.4&#8243; custom_padding=&#8221;50px||50px||false|false&#8221; global_colors_info=&#8221;{}&#8221;][et_pb_column type=&#8221;1_4&#8243; _builder_version=&#8221;4.17.4&#8243; _module_preset=&#8221;default&#8221; global_colors_info=&#8221;{}&#8221;][et_pb_image src=&#8221;https:\/\/www.daslabor.com\/wp-content\/uploads\/2021\/09\/Vfinal-100921-press-release-Das-Labor.jpg&#8221; title_text=&#8221;Vfinal -100921 press release Das Labor&#8221; _builder_version=&#8221;4.17.4&#8243; _module_preset=&#8221;default&#8221; global_colors_info=&#8221;{}&#8221;][\/et_pb_image][\/et_pb_column][et_pb_column type=&#8221;3_4&#8243; _builder_version=&#8221;4.16&#8243; background_color=&#8221;rgba(70,94,148,0.8)&#8221; custom_padding=&#8221;15px|20px|15px|20px|true|false&#8221; custom_css_main_element=&#8221;border-left: 10px solid rgba(102,179,222,0.8);&#8221; global_colors_info=&#8221;{}&#8221;][et_pb_text _builder_version=&#8221;4.17.4&#8243; text_font=&#8221;|||on|||||&#8221; text_text_color=&#8221;#ffffff&#8221; header_font=&#8221;|600|||||||&#8221; header_text_color=&#8221;#FFFFFF&#8221; header_font_size=&#8221;28px&#8221; header_2_font=&#8221;|||on|||||&#8221; header_2_text_color=&#8221;#ffffff&#8221; header_2_font_size=&#8221;34px&#8221; header_2_line_height=&#8221;1.3em&#8221; custom_padding=&#8221;42px|||10px|false|false&#8221; global_colors_info=&#8221;{}&#8221;]<\/p>\n<h1>head office<\/h1>\n<h2>Vision &amp; Mission<\/h2>\n<p>[\/et_pb_text][\/et_pb_column][\/et_pb_row][\/et_pb_section][et_pb_section fb_built=&#8221;1&#8243; _builder_version=&#8221;4.16&#8243; background_color=&#8221;#f2f2f2&#8243; custom_padding=&#8221;||100px|||&#8221; da_disable_devices=&#8221;off|off|off&#8221; global_colors_info=&#8221;{}&#8221; da_is_popup=&#8221;off&#8221; da_exit_intent=&#8221;off&#8221; da_has_close=&#8221;on&#8221; da_alt_close=&#8221;off&#8221; da_dark_close=&#8221;off&#8221; da_not_modal=&#8221;on&#8221; da_is_singular=&#8221;off&#8221; da_with_loader=&#8221;off&#8221; da_has_shadow=&#8221;on&#8221;][et_pb_row column_structure=&#8221;1_5,1_5,1_5,1_5,1_5&#8243; use_custom_gutter=&#8221;on&#8221; gutter_width=&#8221;2&#8243; make_equal=&#8221;on&#8221; custom_padding_last_edited=&#8221;on|phone&#8221; _builder_version=&#8221;4.18.0&#8243; custom_margin=&#8221;||||false|false&#8221; custom_margin_tablet=&#8221;&#8221; custom_margin_phone=&#8221;||0px||false|false&#8221; custom_margin_last_edited=&#8221;on|desktop&#8221; custom_padding=&#8221;||30px||false|false&#8221; custom_padding_tablet=&#8221;&#8221; custom_padding_phone=&#8221;||||false|false&#8221; locked=&#8221;off&#8221; global_colors_info=&#8221;{}&#8221;][et_pb_column type=&#8221;1_5&#8243; disabled_on=&#8221;off|off|off&#8221; _builder_version=&#8221;4.18.0&#8243; background_color=&#8221;#ffffff&#8221; custom_padding=&#8221;35px||30px||false|false&#8221; link_option_url=&#8221;\/siege-social\/das-labor\/&#8221; global_colors_info=&#8221;{}&#8221;][et_pb_blurb title=&#8221;Das Labor.&#8221; image=&#8221;https:\/\/www.daslabor.com\/wp-content\/uploads\/2021\/12\/Das-Labor-DE.png&#8221; image_icon_width=&#8221;65%&#8221; _builder_version=&#8221;4.18.0&#8243; header_text_align=&#8221;center&#8221; header_text_color=&#8221;#465e94&#8243; image_icon_custom_margin=&#8221;20px||33px||false|false&#8221; global_colors_info=&#8221;{}&#8221;][\/et_pb_blurb][\/et_pb_column][et_pb_column type=&#8221;1_5&#8243; module_class=&#8221;pfeil&#8221; _builder_version=&#8221;4.18.0&#8243; background_color=&#8221;#ffffff&#8221; custom_padding=&#8221;35px||30px||false|false&#8221; link_option_url=&#8221;\/siege-social\/vision-mission\/&#8221; global_colors_info=&#8221;{}&#8221;][et_pb_blurb title=&#8221;Vision &#038; Mission&#8221; image=&#8221;https:\/\/www.daslabor.com\/wp-content\/uploads\/2020\/06\/results.jpg&#8221; _builder_version=&#8221;4.16&#8243; header_text_align=&#8221;center&#8221; header_text_color=&#8221;#465e94&#8243; custom_css_blurb_image=&#8221;width: 55px;&#8221; global_colors_info=&#8221;{}&#8221;][\/et_pb_blurb][\/et_pb_column][et_pb_column type=&#8221;1_5&#8243; disabled_on=&#8221;off|off|off&#8221; _builder_version=&#8221;4.18.0&#8243; background_color=&#8221;#ffffff&#8221; custom_padding=&#8221;35px||30px||false|false&#8221; link_option_url=&#8221;\/siege-social\/partenaires\/&#8221; global_colors_info=&#8221;{}&#8221;][et_pb_blurb title=&#8221;Partners&#8221; image=&#8221;https:\/\/www.daslabor.com\/wp-content\/uploads\/2020\/06\/partner.jpg&#8221; _builder_version=&#8221;4.16&#8243; header_text_align=&#8221;center&#8221; header_text_color=&#8221;#465e94&#8243; global_colors_info=&#8221;{}&#8221;][\/et_pb_blurb][\/et_pb_column][et_pb_column type=&#8221;1_5&#8243; disabled_on=&#8221;off|off|off&#8221; _builder_version=&#8221;4.18.0&#8243; background_color=&#8221;#FFFFFF&#8221; custom_padding=&#8221;35px||30px||false|false&#8221; link_option_url=&#8221;\/siege-social\/nos-publications\/&#8221; global_colors_info=&#8221;{}&#8221;][et_pb_blurb title=&#8221; Publications&#8221; image=&#8221;https:\/\/www.daslabor.com\/wp-content\/uploads\/2020\/06\/info-02.jpg&#8221; image_icon_width=&#8221;90%&#8221; _builder_version=&#8221;4.19.2&#8243; header_text_align=&#8221;center&#8221; header_text_color=&#8221;#465e94&#8243; image_icon_custom_margin=&#8221;||4px||false|false&#8221; global_colors_info=&#8221;{}&#8221;][\/et_pb_blurb][\/et_pb_column][et_pb_column type=&#8221;1_5&#8243; disabled_on=&#8221;off|off|off&#8221; _builder_version=&#8221;4.18.0&#8243; background_color=&#8221;#FFFFFF&#8221; custom_padding=&#8221;35px||30px||false|false&#8221; link_option_url=&#8221;\/siege-social\/contact\/&#8221; global_colors_info=&#8221;{}&#8221;][et_pb_blurb title=&#8221;Contact&#8221; image=&#8221;https:\/\/www.daslabor.com\/wp-content\/uploads\/2020\/06\/contact-03.png&#8221; _builder_version=&#8221;4.16&#8243; header_text_align=&#8221;center&#8221; header_text_color=&#8221;#465e94&#8243; global_colors_info=&#8221;{}&#8221;][\/et_pb_blurb][\/et_pb_column][\/et_pb_row][et_pb_row use_custom_gutter=&#8221;on&#8221; gutter_width=&#8221;1&#8243; make_equal=&#8221;on&#8221; _builder_version=&#8221;4.18.0&#8243; background_color=&#8221;#ffffff&#8221; background_video_mp4=&#8221;https:\/\/www.daslabor.com\/wp-content\/uploads\/2020\/08\/LaboFilm_gekuerzt.mp4&#8243; custom_margin=&#8221;30px||||false|false&#8221; custom_padding=&#8221;0px||0px||true|true&#8221; global_colors_info=&#8221;{}&#8221;][et_pb_column type=&#8221;4_4&#8243; _builder_version=&#8221;4.18.0&#8243; background_enable_color=&#8221;off&#8221; custom_padding=&#8221;0px||0px||true|false&#8221; custom_padding_phone=&#8221;30px|30px|50px|30px|false|false&#8221; custom_padding_last_edited=&#8221;off|desktop&#8221; global_colors_info=&#8221;{}&#8221;][et_pb_divider show_divider=&#8221;off&#8221; _builder_version=&#8221;4.18.0&#8243; _module_preset=&#8221;default&#8221; min_height=&#8221;300px&#8221; min_height_tablet=&#8221;300px&#8221; min_height_phone=&#8221;200px&#8221; min_height_last_edited=&#8221;on|phone&#8221; custom_margin=&#8221;0px||0px||true|false&#8221; custom_padding=&#8221;0px||0px||true|false&#8221; global_colors_info=&#8221;{}&#8221;][\/et_pb_divider][\/et_pb_column][\/et_pb_row][et_pb_row column_structure=&#8221;1_2,1_2&#8243; use_custom_gutter=&#8221;on&#8221; gutter_width=&#8221;2&#8243; make_equal=&#8221;on&#8221; custom_padding_last_edited=&#8221;on|phone&#8221; _builder_version=&#8221;4.18.0&#8243; custom_margin=&#8221;||0px||false|false&#8221; custom_margin_tablet=&#8221;&#8221; custom_margin_phone=&#8221;||0px||false|false&#8221; custom_margin_last_edited=&#8221;on|desktop&#8221; custom_padding=&#8221;||30px||false|false&#8221; custom_padding_tablet=&#8221;&#8221; custom_padding_phone=&#8221;||0px||false|false&#8221; locked=&#8221;off&#8221; global_colors_info=&#8221;{}&#8221;][et_pb_column type=&#8221;1_2&#8243; disabled_on=&#8221;off|off|off&#8221; _builder_version=&#8221;4.18.0&#8243; background_color=&#8221;#ffffff&#8221; custom_padding=&#8221;35px||30px||false|false&#8221; global_colors_info=&#8221;{}&#8221;][et_pb_blurb title=&#8221;Vision&#8221; use_icon=&#8221;on&#8221; font_icon=&#8221;&#xf1e5;||fa||900&#8243; icon_color=&#8221;#465e94&#8243; image_icon_width=&#8221;60px&#8221; _builder_version=&#8221;4.17.4&#8243; header_level=&#8221;h2&#8243; header_text_align=&#8221;center&#8221; header_text_color=&#8221;#465e94&#8243; header_line_height=&#8221;1.2em&#8221; image_icon_custom_margin=&#8221;20px||||false|false&#8221; custom_padding=&#8221;|40px||40px|false|true&#8221; global_colors_info=&#8221;{}&#8221;]<\/p>\n<p>&nbsp;<\/p>\n<p>German quality diagnostic made in Africa for Africa<\/p>\n<p>[\/et_pb_blurb][\/et_pb_column][et_pb_column type=&#8221;1_2&#8243; _builder_version=&#8221;4.18.0&#8243; background_color=&#8221;#ffffff&#8221; custom_padding=&#8221;35px||30px||false|false&#8221; global_colors_info=&#8221;{}&#8221;][et_pb_blurb title=&#8221;Mission&#8221; use_icon=&#8221;on&#8221; font_icon=&#8221;&#xf05b;||fa||900&#8243; icon_color=&#8221;#465e94&#8243; image_icon_width=&#8221;60px&#8221; _builder_version=&#8221;4.17.4&#8243; header_level=&#8221;h2&#8243; header_text_align=&#8221;center&#8221; header_text_color=&#8221;#465e94&#8243; header_line_height=&#8221;1.2em&#8221; image_icon_custom_margin=&#8221;20px||||false|false&#8221; custom_padding=&#8221;|40px||40px|false|true&#8221; global_colors_info=&#8221;{}&#8221;]<\/p>\n<p>&nbsp;<\/p>\n<ul>\n<li>German brand with local entities<\/li>\n<li>Local partner &amp; co-owner<\/li>\n<li>Local management &amp; know how<\/li>\n<li>German technology &amp; products<\/li>\n<li>German technical &amp; quality standards<\/li>\n<\/ul>\n<p>[\/et_pb_blurb][\/et_pb_column][\/et_pb_row][et_pb_row column_structure=&#8221;1_2,1_2&#8243; use_custom_gutter=&#8221;on&#8221; gutter_width=&#8221;1&#8243; make_equal=&#8221;on&#8221; disabled_on=&#8221;on|on|on&#8221; _builder_version=&#8221;4.17.4&#8243; background_color=&#8221;#ffffff&#8221; custom_margin=&#8221;30px||||false|false&#8221; custom_margin_tablet=&#8221;&#8221; custom_margin_phone=&#8221;0px||||false|false&#8221; custom_margin_last_edited=&#8221;on|phone&#8221; custom_padding=&#8221;0px||0px||true|true&#8221; disabled=&#8221;on&#8221; locked=&#8221;off&#8221; global_colors_info=&#8221;{}&#8221;][et_pb_column type=&#8221;1_2&#8243; _builder_version=&#8221;4.16&#8243; background_enable_color=&#8221;off&#8221; custom_padding=&#8221;0px||0px||true|false&#8221; global_colors_info=&#8221;{}&#8221;][et_pb_text _builder_version=&#8221;4.17.4&#8243; width=&#8221;100%&#8221; width_tablet=&#8221;&#8221; width_phone=&#8221;100%&#8221; width_last_edited=&#8221;on|desktop&#8221; custom_margin=&#8221;||||false|false&#8221; custom_padding=&#8221;50px|50px|50px|50px|true|true&#8221; custom_padding_tablet=&#8221;50px|50px|50px|50px|true|true&#8221; custom_padding_phone=&#8221;30px|30px|30px|30px|true|true&#8221; custom_padding_last_edited=&#8221;on|phone&#8221; global_colors_info=&#8221;{}&#8221;]<\/p>\n<h2>Vision<\/h2>\n<p>Notre Vision est de fournir la qualit\u00e9 Allemande en mati\u00e8re de diagnostic m\u00e9dical en Afrique pour l&#8217;Afrique.<\/p>\n<p>[\/et_pb_text][et_pb_text _builder_version=&#8221;4.16&#8243; width=&#8221;100%&#8221; width_tablet=&#8221;&#8221; width_phone=&#8221;100%&#8221; width_last_edited=&#8221;on|desktop&#8221; custom_margin=&#8221;||||false|false&#8221; custom_padding=&#8221;50px|50px|50px|50px|true|true&#8221; custom_padding_tablet=&#8221;50px|50px|50px|50px|true|true&#8221; custom_padding_phone=&#8221;30px|30px|30px|30px|true|true&#8221; custom_padding_last_edited=&#8221;on|phone&#8221; global_colors_info=&#8221;{}&#8221;]<\/p>\n<h2>Mission<\/h2>\n<p>Das Labor.GmbH prend l\u2019initiative d&#8217;innover le partenariat entre l\u2019Allemagne et l\u2019Afrique avec sa marque allemande qui cr\u00e9e des entit\u00e9s locales et<\/p>\n<ul>\n<li>en cr\u00e9ant un partenariat local par co-propri\u00e9t\u00e9s,<\/li>\n<li>en profitant du savoir-faire et de la gestion locale,<\/li>\n<li>en utilisant la technologie et les produits allemands conforme aux normes techniques et aux normes de qualit\u00e9 allemande.<\/li>\n<\/ul>\n<p>[\/et_pb_text][\/et_pb_column][et_pb_column type=&#8221;1_2&#8243; _builder_version=&#8221;4.17.4&#8243; background_image=&#8221;https:\/\/www.daslabor.com\/wp-content\/uploads\/2022\/08\/familie.jpg&#8221; background_position=&#8221;center_left&#8221; global_colors_info=&#8221;{}&#8221;][\/et_pb_column][\/et_pb_row][\/et_pb_section]<\/p>\n","protected":false},"excerpt":{"rendered":"<p>head office Vision &amp; Mission&nbsp; German quality diagnostic made in Africa for Africa&nbsp; German brand with local entities Local partner &amp; co-owner Local management &amp; know how German technology &amp; products German technical &amp; quality standards Vision Notre Vision est de fournir la qualit\u00e9 Allemande en mati\u00e8re de diagnostic m\u00e9dical en Afrique pour l&#8217;Afrique.Mission Das [&hellip;]<\/p>\n","protected":false},"author":1,"featured_media":0,"parent":10922,"menu_order":0,"comment_status":"closed","ping_status":"closed","template":"","meta":{"_acf_changed":false,"_et_pb_use_builder":"on","_et_pb_old_content":"<!-- wp:paragraph -->\r\n<p>Dies ist eine Beispiel-Seite. Sie unterscheidet sich von Beitr\u00e4gen, da sie stets an derselben Stelle bleibt und (bei den meisten Themes) in der Website-Navigation angezeigt wird. Die meisten starten mit einem Impressum, der Datenschutzerkl\u00e4rung oder einer \u201e\u00dcber\u00a0uns\u201c-Seite, um sich potenziellen Besuchern der Website vorzustellen. Dort k\u00f6nnte zum Beispiel stehen:<\/p>\r\n<!-- \/wp:paragraph --><!-- wp:quote -->\r\n<blockquote class=\"wp-block-quote\">\r\n<p>Hallo! Tags\u00fcber arbeite ich als Fahrradkurier, nachts bin ich ein aufstrebender Schauspieler und dies hier ist meine Website. Ich lebe in Berlin, habe einen gro\u00dfen Hund namens Jack, mag Pi\u00f1a Coladas, jedoch weniger (ohne Schirm) im Regen stehen gelassen zu werden.<\/p>\r\n<\/blockquote>\r\n<!-- \/wp:quote --><!-- wp:paragraph -->\r\n<p>...oder so etwas wie das hier:<\/p>\r\n<!-- \/wp:paragraph --><!-- wp:quote -->\r\n<blockquote class=\"wp-block-quote\">\r\n<p>Das Unternehmen XYZ wurde 1971 gegr\u00fcndet und versorgt die \u00d6ffentlichkeit seither mit qualitativ hochwertigen Produkten. An seinem Standort in einer kleinen Gro\u00dfstadt besch\u00e4ftigt der Betrieb \u00fcber 2.000 Menschen und unterst\u00fctzt die Stadtbewohner in vielfacher Hinsicht.<\/p>\r\n<\/blockquote>\r\n<!-- \/wp:quote --><!-- wp:paragraph -->\r\n<p>Als neuer WordPress-Benutzer solltest du <a href=\"http:\/\/daslabor.artivista.de\/wp-admin\/\">dein Dashboard<\/a> aufrufen, um diese Seite zu l\u00f6schen und neue Seiten und Beitr\u00e4ge f\u00fcr deine Website erstellen. Viel Spa\u00df!<\/p>\r\n<!-- \/wp:paragraph -->","_et_gb_content_width":"","footnotes":""},"class_list":["post-10763","page","type-page","status-publish","hentry"],"acf":[],"yoast_head":"<!-- This site is optimized with the Yoast SEO plugin v26.9 - https:\/\/yoast.com\/product\/yoast-seo-wordpress\/ -->\n<title>Vision &amp; Mission - Das Labor<\/title>\n<meta name=\"robots\" content=\"index, follow, max-snippet:-1, max-image-preview:large, max-video-preview:-1\" \/>\n<link rel=\"canonical\" href=\"https:\/\/www.daslabor.com\/en\/head-office\/vision-mission\/\" \/>\n<meta property=\"og:locale\" content=\"en_US\" \/>\n<meta property=\"og:type\" content=\"article\" \/>\n<meta property=\"og:title\" content=\"Vision &amp; Mission - Das Labor\" \/>\n<meta property=\"og:description\" content=\"head office Vision &amp; Mission&nbsp; German quality diagnostic made in Africa for Africa&nbsp; German brand with local entities Local partner &amp; co-owner Local management &amp; know how German technology &amp; products German technical &amp; quality standards Vision Notre Vision est de fournir la qualit\u00e9 Allemande en mati\u00e8re de diagnostic m\u00e9dical en Afrique pour l&#039;Afrique.Mission Das [&hellip;]\" \/>\n<meta property=\"og:url\" content=\"https:\/\/www.daslabor.com\/en\/head-office\/vision-mission\/\" \/>\n<meta property=\"og:site_name\" content=\"Das Labor\" \/>\n<meta property=\"article:modified_time\" content=\"2023-06-07T11:59:14+00:00\" \/>\n<meta name=\"twitter:card\" content=\"summary_large_image\" \/>\n<meta name=\"twitter:label1\" content=\"Est. reading time\" \/>\n\t<meta name=\"twitter:data1\" content=\"7 minutes\" \/>\n<script type=\"application\/ld+json\" class=\"yoast-schema-graph\">{\"@context\":\"https:\/\/schema.org\",\"@graph\":[{\"@type\":\"WebPage\",\"@id\":\"https:\/\/www.daslabor.com\/en\/head-office\/vision-mission\/\",\"url\":\"https:\/\/www.daslabor.com\/en\/head-office\/vision-mission\/\",\"name\":\"Vision & Mission - Das Labor\",\"isPartOf\":{\"@id\":\"https:\/\/www.daslabor.com\/en\/#website\"},\"datePublished\":\"2022-02-22T07:56:54+00:00\",\"dateModified\":\"2023-06-07T11:59:14+00:00\",\"breadcrumb\":{\"@id\":\"https:\/\/www.daslabor.com\/en\/head-office\/vision-mission\/#breadcrumb\"},\"inLanguage\":\"en-US\",\"potentialAction\":[{\"@type\":\"ReadAction\",\"target\":[\"https:\/\/www.daslabor.com\/en\/head-office\/vision-mission\/\"]}]},{\"@type\":\"BreadcrumbList\",\"@id\":\"https:\/\/www.daslabor.com\/en\/head-office\/vision-mission\/#breadcrumb\",\"itemListElement\":[{\"@type\":\"ListItem\",\"position\":1,\"name\":\"Startseite\",\"item\":\"https:\/\/www.daslabor.com\/en\/\"},{\"@type\":\"ListItem\",\"position\":2,\"name\":\"Head Office\",\"item\":\"https:\/\/www.daslabor.com\/en\/head-office\/\"},{\"@type\":\"ListItem\",\"position\":3,\"name\":\"Vision &#038; Mission\"}]},{\"@type\":\"WebSite\",\"@id\":\"https:\/\/www.daslabor.com\/en\/#website\",\"url\":\"https:\/\/www.daslabor.com\/en\/\",\"name\":\"Das Labor\",\"description\":\"\",\"potentialAction\":[{\"@type\":\"SearchAction\",\"target\":{\"@type\":\"EntryPoint\",\"urlTemplate\":\"https:\/\/www.daslabor.com\/en\/?s={search_term_string}\"},\"query-input\":{\"@type\":\"PropertyValueSpecification\",\"valueRequired\":true,\"valueName\":\"search_term_string\"}}],\"inLanguage\":\"en-US\"}]}<\/script>\n<!-- \/ Yoast SEO plugin. -->","yoast_head_json":{"title":"Vision & Mission - Das Labor","robots":{"index":"index","follow":"follow","max-snippet":"max-snippet:-1","max-image-preview":"max-image-preview:large","max-video-preview":"max-video-preview:-1"},"canonical":"https:\/\/www.daslabor.com\/en\/head-office\/vision-mission\/","og_locale":"en_US","og_type":"article","og_title":"Vision & Mission - Das Labor","og_description":"head office Vision &amp; Mission&nbsp; German quality diagnostic made in Africa for Africa&nbsp; German brand with local entities Local partner &amp; co-owner Local management &amp; know how German technology &amp; products German technical &amp; quality standards Vision Notre Vision est de fournir la qualit\u00e9 Allemande en mati\u00e8re de diagnostic m\u00e9dical en Afrique pour l'Afrique.Mission Das [&hellip;]","og_url":"https:\/\/www.daslabor.com\/en\/head-office\/vision-mission\/","og_site_name":"Das Labor","article_modified_time":"2023-06-07T11:59:14+00:00","twitter_card":"summary_large_image","twitter_misc":{"Est. reading time":"7 minutes"},"schema":{"@context":"https:\/\/schema.org","@graph":[{"@type":"WebPage","@id":"https:\/\/www.daslabor.com\/en\/head-office\/vision-mission\/","url":"https:\/\/www.daslabor.com\/en\/head-office\/vision-mission\/","name":"Vision & Mission - Das Labor","isPartOf":{"@id":"https:\/\/www.daslabor.com\/en\/#website"},"datePublished":"2022-02-22T07:56:54+00:00","dateModified":"2023-06-07T11:59:14+00:00","breadcrumb":{"@id":"https:\/\/www.daslabor.com\/en\/head-office\/vision-mission\/#breadcrumb"},"inLanguage":"en-US","potentialAction":[{"@type":"ReadAction","target":["https:\/\/www.daslabor.com\/en\/head-office\/vision-mission\/"]}]},{"@type":"BreadcrumbList","@id":"https:\/\/www.daslabor.com\/en\/head-office\/vision-mission\/#breadcrumb","itemListElement":[{"@type":"ListItem","position":1,"name":"Startseite","item":"https:\/\/www.daslabor.com\/en\/"},{"@type":"ListItem","position":2,"name":"Head Office","item":"https:\/\/www.daslabor.com\/en\/head-office\/"},{"@type":"ListItem","position":3,"name":"Vision &#038; Mission"}]},{"@type":"WebSite","@id":"https:\/\/www.daslabor.com\/en\/#website","url":"https:\/\/www.daslabor.com\/en\/","name":"Das Labor","description":"","potentialAction":[{"@type":"SearchAction","target":{"@type":"EntryPoint","urlTemplate":"https:\/\/www.daslabor.com\/en\/?s={search_term_string}"},"query-input":{"@type":"PropertyValueSpecification","valueRequired":true,"valueName":"search_term_string"}}],"inLanguage":"en-US"}]}},"_links":{"self":[{"href":"https:\/\/www.daslabor.com\/en\/wp-json\/wp\/v2\/pages\/10763","targetHints":{"allow":["GET"]}}],"collection":[{"href":"https:\/\/www.daslabor.com\/en\/wp-json\/wp\/v2\/pages"}],"about":[{"href":"https:\/\/www.daslabor.com\/en\/wp-json\/wp\/v2\/types\/page"}],"author":[{"embeddable":true,"href":"https:\/\/www.daslabor.com\/en\/wp-json\/wp\/v2\/users\/1"}],"replies":[{"embeddable":true,"href":"https:\/\/www.daslabor.com\/en\/wp-json\/wp\/v2\/comments?post=10763"}],"version-history":[{"count":4,"href":"https:\/\/www.daslabor.com\/en\/wp-json\/wp\/v2\/pages\/10763\/revisions"}],"predecessor-version":[{"id":11428,"href":"https:\/\/www.daslabor.com\/en\/wp-json\/wp\/v2\/pages\/10763\/revisions\/11428"}],"up":[{"embeddable":true,"href":"https:\/\/www.daslabor.com\/en\/wp-json\/wp\/v2\/pages\/10922"}],"wp:attachment":[{"href":"https:\/\/www.daslabor.com\/en\/wp-json\/wp\/v2\/media?parent=10763"}],"curies":[{"name":"wp","href":"https:\/\/api.w.org\/{rel}","templated":true}]}}