{"id":10881,"date":"2020-08-21T11:43:56","date_gmt":"2020-08-21T09:43:56","guid":{"rendered":"https:\/\/www.daslabor.com\/contact\/"},"modified":"2023-01-23T15:12:16","modified_gmt":"2023-01-23T14:12:16","slug":"ivoire-contact","status":"publish","type":"page","link":"https:\/\/www.daslabor.com\/en\/laboratories\/ivoire-allemand\/ivoire-contact\/","title":{"rendered":"Contact"},"content":{"rendered":"<p>[et_pb_section fb_built=&#8221;1&#8243; admin_label=&#8221;Section&#8221; _builder_version=&#8221;4.17.4&#8243; background_color=&#8221;#FFFFFF&#8221; background_image=&#8221;https:\/\/www.daslabor.com\/wp-content\/uploads\/2022\/06\/lab-2170432-1.jpg&#8221; background_repeat=&#8221;repeat&#8221; width=&#8221;100%&#8221; custom_padding=&#8221;0px||0px||false|false&#8221; da_disable_devices=&#8221;off|off|off&#8221; locked=&#8221;off&#8221; global_colors_info=&#8221;{}&#8221; da_is_popup=&#8221;off&#8221; da_exit_intent=&#8221;off&#8221; da_has_close=&#8221;on&#8221; da_alt_close=&#8221;off&#8221; da_dark_close=&#8221;off&#8221; da_not_modal=&#8221;on&#8221; da_is_singular=&#8221;off&#8221; da_with_loader=&#8221;off&#8221; da_has_shadow=&#8221;on&#8221;][et_pb_row column_structure=&#8221;1_4,3_4&#8243; use_custom_gutter=&#8221;on&#8221; gutter_width=&#8221;1&#8243; make_equal=&#8221;on&#8221; _builder_version=&#8221;4.17.4&#8243; custom_padding=&#8221;50px||50px||false|false&#8221; global_colors_info=&#8221;{}&#8221;][et_pb_column type=&#8221;1_4&#8243; _builder_version=&#8221;4.17.4&#8243; _module_preset=&#8221;default&#8221; global_colors_info=&#8221;{}&#8221;][et_pb_image src=&#8221;https:\/\/www.daslabor.com\/wp-content\/uploads\/2022\/06\/Lab-Abidjan2.jpg&#8221; title_text=&#8221;Lab Abidjan2&#8243; _builder_version=&#8221;4.17.4&#8243; _module_preset=&#8221;default&#8221; global_colors_info=&#8221;{}&#8221;][\/et_pb_image][\/et_pb_column][et_pb_column type=&#8221;3_4&#8243; _builder_version=&#8221;4.16&#8243; background_color=&#8221;rgba(70,94,148,0.8)&#8221; custom_padding=&#8221;15px|20px|15px|20px|true|false&#8221; custom_css_main_element=&#8221;border-left: 10px solid rgba(102,179,222,0.8);&#8221; global_colors_info=&#8221;{}&#8221;][et_pb_text _builder_version=&#8221;4.17.4&#8243; text_font=&#8221;|||on|||||&#8221; text_text_color=&#8221;#ffffff&#8221; header_font=&#8221;|600|||||||&#8221; header_text_color=&#8221;#FFFFFF&#8221; header_font_size=&#8221;28px&#8221; header_2_font=&#8221;|||on|||||&#8221; header_2_text_color=&#8221;#ffffff&#8221; header_2_font_size=&#8221;34px&#8221; header_2_line_height=&#8221;1.3em&#8221; custom_padding=&#8221;42px|||10px|false|false&#8221; global_colors_info=&#8221;{}&#8221;]<\/p>\n<h1>Laboratoire Biodiagnostic Ivoiro-Allemand (LBIA)<\/h1>\n<h2>CONTACT<\/h2>\n<p>[\/et_pb_text][\/et_pb_column][\/et_pb_row][\/et_pb_section][et_pb_section fb_built=&#8221;1&#8243; _builder_version=&#8221;4.16&#8243; background_color=&#8221;#f2f2f2&#8243; custom_padding=&#8221;||100px|||&#8221; da_disable_devices=&#8221;off|off|off&#8221; global_colors_info=&#8221;{}&#8221; da_is_popup=&#8221;off&#8221; da_exit_intent=&#8221;off&#8221; da_has_close=&#8221;on&#8221; da_alt_close=&#8221;off&#8221; da_dark_close=&#8221;off&#8221; da_not_modal=&#8221;on&#8221; da_is_singular=&#8221;off&#8221; da_with_loader=&#8221;off&#8221; da_has_shadow=&#8221;on&#8221;][et_pb_row column_structure=&#8221;1_4,1_4,1_4,1_4&#8243; use_custom_gutter=&#8221;on&#8221; gutter_width=&#8221;2&#8243; make_equal=&#8221;on&#8221; _builder_version=&#8221;4.17.4&#8243; locked=&#8221;off&#8221; global_colors_info=&#8221;{}&#8221;][et_pb_column type=&#8221;1_4&#8243; _builder_version=&#8221;4.17.4&#8243; background_color=&#8221;#ffffff&#8221; custom_padding=&#8221;35px||30px||false|false&#8221; link_option_url=&#8221;\/laboratoires\/ivoire-allemand\/service-labo\/&#8221; global_colors_info=&#8221;{}&#8221;][et_pb_blurb title=&#8221;Service Labo&#8221; image=&#8221;https:\/\/www.daslabor.com\/wp-content\/uploads\/2020\/08\/logo-DL-Biodiagnostic-fo-pdf.jpg&#8221; _builder_version=&#8221;4.17.4&#8243; header_font=&#8221;|||on|||||&#8221; header_text_align=&#8221;center&#8221; header_text_color=&#8221;#465e94&#8243; header_line_height=&#8221;1.4em&#8221; custom_css_blurb_image=&#8221;max-width: 80%;&#8221; global_colors_info=&#8221;{}&#8221;][\/et_pb_blurb][\/et_pb_column][et_pb_column type=&#8221;1_4&#8243; _builder_version=&#8221;4.17.4&#8243; background_color=&#8221;#ffffff&#8221; custom_padding=&#8221;35px||30px||false|false&#8221; link_option_url=&#8221;\/laboratoires\/ivoire-allemand\/analyses-biologiques\/&#8221; global_colors_info=&#8221;{}&#8221;][et_pb_blurb title=&#8221;Analyses biologiques&#8221; image=&#8221;https:\/\/www.daslabor.com\/wp-content\/uploads\/2020\/06\/verzeichnis-02.jpg&#8221; _builder_version=&#8221;4.17.4&#8243; header_font=&#8221;|||on|||||&#8221; header_text_align=&#8221;center&#8221; header_text_color=&#8221;#465e94&#8243; global_colors_info=&#8221;{}&#8221;][\/et_pb_blurb][\/et_pb_column][et_pb_column type=&#8221;1_4&#8243; _builder_version=&#8221;4.17.4&#8243; background_color=&#8221;#ffffff&#8221; custom_padding=&#8221;35px||30px||false|false&#8221; link_option_url=&#8221;\/laboratoires\/ivoire-allemand\/conseil-sante\/&#8221; global_colors_info=&#8221;{}&#8221;][et_pb_blurb title=&#8221;Conseil sant\u00e9&#8221; image=&#8221;https:\/\/www.daslabor.com\/wp-content\/uploads\/2020\/06\/order.jpg&#8221; _builder_version=&#8221;4.17.4&#8243; header_font=&#8221;|||on|||||&#8221; header_text_align=&#8221;center&#8221; header_text_color=&#8221;#465e94&#8243; custom_padding=&#8221;12px|||||&#8221; global_colors_info=&#8221;{}&#8221;][\/et_pb_blurb][\/et_pb_column][et_pb_column type=&#8221;1_4&#8243; module_class=&#8221;pfeil&#8221; _builder_version=&#8221;4.17.4&#8243; background_color=&#8221;#FFFFFF&#8221; custom_padding=&#8221;35px||30px||false|false&#8221; link_option_url=&#8221;\/laboratoires\/ivoire-allemand\/contact\/&#8221; global_colors_info=&#8221;{}&#8221;][et_pb_blurb title=&#8221;Contact&#8221; image=&#8221;https:\/\/www.daslabor.com\/wp-content\/uploads\/2020\/06\/contact-03.png&#8221; _builder_version=&#8221;4.17.4&#8243; header_font=&#8221;|||on|||||&#8221; header_text_align=&#8221;center&#8221; header_text_color=&#8221;#465e94&#8243; custom_padding=&#8221;12px|||||&#8221; global_colors_info=&#8221;{}&#8221;][\/et_pb_blurb][\/et_pb_column][\/et_pb_row][et_pb_row column_structure=&#8221;1_2,1_2&#8243; use_custom_gutter=&#8221;on&#8221; gutter_width=&#8221;1&#8243; make_equal=&#8221;on&#8221; _builder_version=&#8221;4.16&#8243; background_color=&#8221;#ffffff&#8221; custom_margin=&#8221;30px||||false|false&#8221; custom_padding=&#8221;0px||0px||true|true&#8221; locked=&#8221;off&#8221; global_colors_info=&#8221;{}&#8221; global_module=&#8221;10529&#8243; theme_builder_area=&#8221;post_content&#8221;][et_pb_column type=&#8221;1_2&#8243; _builder_version=&#8221;4.16&#8243; background_enable_color=&#8221;off&#8221; custom_padding=&#8221;50px|50px|50px|50px|false|true&#8221; global_colors_info=&#8221;{}&#8221; theme_builder_area=&#8221;post_content&#8221;][et_pb_text _builder_version=&#8221;4.18.0&#8243; width=&#8221;100%&#8221; width_tablet=&#8221;&#8221; width_phone=&#8221;100%&#8221; width_last_edited=&#8221;on|desktop&#8221; custom_margin=&#8221;||30px||false|false&#8221; hover_enabled=&#8221;0&#8243; global_colors_info=&#8221;{}&#8221; theme_builder_area=&#8221;post_content&#8221; sticky_enabled=&#8221;0&#8243;]<\/p>\n<p><strong>Laboratoire <\/strong><strong>Biodiagnostic <\/strong><strong>Ivoiro-Allemand (LBIA)<\/strong><strong><br \/>\n<\/strong><\/p>\n<p>Lundi \u00e0 Vendredi: 7:30 &#8211; 17:30<br \/>\nSamedi: 7:30 &#8211; 12:00<\/p>\n<p>II Plateaux Vallon-Cocody<br \/>\nRue J107 pr\u00e8s OIM Canada<br \/>\nAbidjan, C\u00f4te d&#8217;Ivoire<\/p>\n<p>T\u00e9l\u00e9phone: +225-0758827067<br \/>\nabidjan@daslabor.com<br \/>\nwww.daslabor.com<\/p>\n<p>[\/et_pb_text][et_pb_button button_url=&#8221;mailto:abidjan@daslabor.com&#8221; button_text=&#8221;Nous contacter&#8221; _builder_version=&#8221;4.17.4&#8243; _module_preset=&#8221;default&#8221; custom_button=&#8221;on&#8221; button_text_size=&#8221;19px&#8221; button_text_color=&#8221;#ffffff&#8221; button_bg_color=&#8221;#465e94&#8243; button_border_width=&#8221;0px&#8221; button_border_radius=&#8221;0px&#8221; button_icon=&#8221;\ue076||divi||400&#8243; button_on_hover=&#8221;off&#8221; custom_padding=&#8221;|45px||22px|false|false&#8221; global_colors_info=&#8221;{}&#8221; theme_builder_area=&#8221;post_content&#8221;][\/et_pb_button][et_pb_social_media_follow _builder_version=&#8221;4.17.4&#8243; _module_preset=&#8221;default&#8221; custom_margin=&#8221;20px||||false|false&#8221; global_colors_info=&#8221;{}&#8221; theme_builder_area=&#8221;post_content&#8221;][et_pb_social_media_follow_network social_network=&#8221;facebook&#8221; url=&#8221;https:\/\/www.facebook.com\/people\/Laboratoire-Biodiagnostic-Ivoiro-Allemand\/100076234308698\/&#8221; _builder_version=&#8221;4.17.4&#8243; _module_preset=&#8221;default&#8221; background_color=&#8221;#3b5998&#8243; global_colors_info=&#8221;{}&#8221; theme_builder_area=&#8221;post_content&#8221; follow_button=&#8221;off&#8221; url_new_window=&#8221;on&#8221;]facebook[\/et_pb_social_media_follow_network][\/et_pb_social_media_follow][\/et_pb_column][et_pb_column type=&#8221;1_2&#8243; _builder_version=&#8221;4.16&#8243; background_enable_color=&#8221;off&#8221; background_enable_image=&#8221;off&#8221; background_position=&#8221;center_right&#8221; global_colors_info=&#8221;{}&#8221; theme_builder_area=&#8221;post_content&#8221;][et_pb_code _builder_version=&#8221;4.18.0&#8243; _module_preset=&#8221;default&#8221; custom_margin=&#8221;||0px||false|false&#8221; custom_padding=&#8221;||0px||false|false&#8221; hover_enabled=&#8221;0&#8243; locked=&#8221;off&#8221; global_colors_info=&#8221;{}&#8221; theme_builder_area=&#8221;post_content&#8221; sticky_enabled=&#8221;0&#8243;]<iframe loading=\"lazy\" style=\"border: 0;\" tabindex=\"0\" src=\"https:\/\/www.google.com\/maps\/embed?pb=!1m18!1m12!1m3!1d1986.149465111996!2d-3.990051989190626!3d5.371302436979949!2m3!1f0!2f0!3f0!3m2!1i1024!2i768!4f13.1!3m3!1m2!1s0x0%3A0x0!2zNcKwMjInMTYuNyJOIDPCsDU5JzIyLjEiVw!5e0!3m2!1sde!2sde!4v1599478880168!5m2!1sde!2sde\" width=\"600\" height=\"560\" frameborder=\"0\" allowfullscreen=\"allowfullscreen\" aria-hidden=\"false\"><\/iframe>[\/et_pb_code][\/et_pb_column][\/et_pb_row][\/et_pb_section]<\/p>\n","protected":false},"excerpt":{"rendered":"<p>Laboratoire Biodiagnostic Ivoiro-Allemand (LBIA) CONTACT Laboratoire Biodiagnostic Ivoiro-Allemand (LBIA) Lundi \u00e0 Vendredi: 7:30 &#8211; 17:30 Samedi: 7:30 &#8211; 12:00 II Plateaux Vallon-Cocody Rue J107 pr\u00e8s OIM Canada Abidjan, C\u00f4te d&#8217;Ivoire T\u00e9l\u00e9phone: +225-0758827067 abidjan@daslabor.com www.daslabor.com<\/p>\n","protected":false},"author":1,"featured_media":0,"parent":10902,"menu_order":0,"comment_status":"closed","ping_status":"closed","template":"","meta":{"_acf_changed":false,"_et_pb_use_builder":"on","_et_pb_old_content":"<p>[et_pb_section fb_built=\"1\" admin_label=\"Section\" _builder_version=\"4.17.4\" background_color=\"#FFFFFF\" background_image=\"https:\/\/www.daslabor.com\/wp-content\/uploads\/2022\/06\/lab-2170432-1.jpg\" background_repeat=\"repeat\" width=\"100%\" custom_padding=\"0px||0px||false|false\" da_disable_devices=\"off|off|off\" locked=\"off\" global_colors_info=\"{}\" da_is_popup=\"off\" da_exit_intent=\"off\" da_has_close=\"on\" da_alt_close=\"off\" da_dark_close=\"off\" da_not_modal=\"on\" da_is_singular=\"off\" da_with_loader=\"off\" da_has_shadow=\"on\"][et_pb_row column_structure=\"1_4,3_4\" use_custom_gutter=\"on\" gutter_width=\"1\" make_equal=\"on\" _builder_version=\"4.17.4\" custom_padding=\"50px||50px||false|false\" global_colors_info=\"{}\"][et_pb_column type=\"1_4\" _builder_version=\"4.17.4\" _module_preset=\"default\" global_colors_info=\"{}\"][et_pb_image src=\"https:\/\/www.daslabor.com\/wp-content\/uploads\/2022\/06\/Lab-Abidjan2.jpg\" title_text=\"Lab Abidjan2\" _builder_version=\"4.17.4\" _module_preset=\"default\" global_colors_info=\"{}\"][\/et_pb_image][\/et_pb_column][et_pb_column type=\"3_4\" _builder_version=\"4.16\" background_color=\"rgba(70,94,148,0.8)\" custom_padding=\"15px|20px|15px|20px|true|false\" custom_css_main_element=\"border-left: 10px solid rgba(102,179,222,0.8);\" global_colors_info=\"{}\"][et_pb_text _builder_version=\"4.17.4\" text_font=\"|||on|||||\" text_text_color=\"#ffffff\" header_font=\"|600|||||||\" header_text_color=\"#FFFFFF\" header_font_size=\"28px\" header_2_font=\"|||on|||||\" header_2_text_color=\"#ffffff\" header_2_font_size=\"34px\" header_2_line_height=\"1.3em\" custom_padding=\"42px|||10px|false|false\" global_colors_info=\"{}\"]<\/p><h1>Laboratoire Biodiagnostic Ivoiro-Allemand (LBIA)<\/h1><h2>CONTACT<\/h2><p>[\/et_pb_text][\/et_pb_column][\/et_pb_row][\/et_pb_section][et_pb_section fb_built=\"1\" _builder_version=\"4.16\" background_color=\"#f2f2f2\" custom_padding=\"||100px|||\" da_disable_devices=\"off|off|off\" global_colors_info=\"{}\" da_is_popup=\"off\" da_exit_intent=\"off\" da_has_close=\"on\" da_alt_close=\"off\" da_dark_close=\"off\" da_not_modal=\"on\" da_is_singular=\"off\" da_with_loader=\"off\" da_has_shadow=\"on\"][et_pb_row column_structure=\"1_4,1_4,1_4,1_4\" use_custom_gutter=\"on\" gutter_width=\"2\" make_equal=\"on\" _builder_version=\"4.17.4\" locked=\"off\" global_colors_info=\"{}\"][et_pb_column type=\"1_4\" _builder_version=\"4.17.4\" background_color=\"#ffffff\" custom_padding=\"35px||30px||false|false\" link_option_url=\"\/laboratoires\/ivoire-allemand\/service-labo\/\" global_colors_info=\"{}\"][et_pb_blurb title=\"Service Labo\" image=\"https:\/\/www.daslabor.com\/wp-content\/uploads\/2020\/08\/logo-DL-Biodiagnostic-fo-pdf.jpg\" _builder_version=\"4.17.4\" header_font=\"|||on|||||\" header_text_align=\"center\" header_text_color=\"#465e94\" header_line_height=\"1.4em\" custom_css_blurb_image=\"max-width: 80%;\" global_colors_info=\"{}\"][\/et_pb_blurb][\/et_pb_column][et_pb_column type=\"1_4\" _builder_version=\"4.17.4\" background_color=\"#ffffff\" custom_padding=\"35px||30px||false|false\" link_option_url=\"\/laboratoires\/ivoire-allemand\/analyses-biologiques\/\" global_colors_info=\"{}\"][et_pb_blurb title=\"Analyses biologiques\" image=\"https:\/\/www.daslabor.com\/wp-content\/uploads\/2020\/06\/verzeichnis-02.jpg\" _builder_version=\"4.17.4\" header_font=\"|||on|||||\" header_text_align=\"center\" header_text_color=\"#465e94\" global_colors_info=\"{}\"][\/et_pb_blurb][\/et_pb_column][et_pb_column type=\"1_4\" _builder_version=\"4.17.4\" background_color=\"#ffffff\" custom_padding=\"35px||30px||false|false\" link_option_url=\"\/laboratoires\/ivoire-allemand\/conseil-sante\/\" global_colors_info=\"{}\"][et_pb_blurb title=\"Conseil sant\u00e9\" image=\"https:\/\/www.daslabor.com\/wp-content\/uploads\/2020\/06\/order.jpg\" _builder_version=\"4.17.4\" header_font=\"|||on|||||\" header_text_align=\"center\" header_text_color=\"#465e94\" custom_padding=\"12px|||||\" global_colors_info=\"{}\"][\/et_pb_blurb][\/et_pb_column][et_pb_column type=\"1_4\" module_class=\"pfeil\" _builder_version=\"4.17.4\" background_color=\"#FFFFFF\" custom_padding=\"35px||30px||false|false\" link_option_url=\"\/laboratoires\/ivoire-allemand\/contact\/\" global_colors_info=\"{}\"][et_pb_blurb title=\"Contact\" image=\"https:\/\/www.daslabor.com\/wp-content\/uploads\/2020\/06\/contact-03.png\" _builder_version=\"4.17.4\" header_font=\"|||on|||||\" header_text_align=\"center\" header_text_color=\"#465e94\" custom_padding=\"12px|||||\" global_colors_info=\"{}\"][\/et_pb_blurb][\/et_pb_column][\/et_pb_row][et_pb_row column_structure=\"1_2,1_2\" use_custom_gutter=\"on\" gutter_width=\"1\" make_equal=\"on\" _builder_version=\"4.16\" background_color=\"#ffffff\" custom_margin=\"30px||||false|false\" custom_padding=\"0px||0px||true|true\" locked=\"off\" global_colors_info=\"{}\" global_module=\"10529\" theme_builder_area=\"post_content\"][et_pb_column type=\"1_2\" _builder_version=\"4.16\" background_enable_color=\"off\" custom_padding=\"50px|50px|50px|50px|false|true\" global_colors_info=\"{}\" theme_builder_area=\"post_content\"][et_pb_text _builder_version=\"4.18.0\" width=\"100%\" width_tablet=\"\" width_phone=\"100%\" width_last_edited=\"on|desktop\" custom_margin=\"||30px||false|false\" hover_enabled=\"0\" global_colors_info=\"{}\" theme_builder_area=\"post_content\" sticky_enabled=\"0\"]<\/p><p><strong>Laboratoire <\/strong><strong>Biodiagnostic <\/strong><strong>Ivoiro-Allemand (LBIA)<\/strong><strong><br \/><\/strong><\/p><p>Lundi \u00e0 Vendredi: 7:30 - 17:30<br \/>Samedi: 7:30 - 12:00<\/p><p>II Plateaux Vallon-Cocody<br \/>Rue J107 pr\u00e8s OIM Canada<br \/>Abidjan, C\u00f4te d'Ivoire<\/p><p>T\u00e9l\u00e9phone: +225-0758827067<br \/>abidjan@daslabor.com<br \/>www.daslabor.com<\/p><p>[\/et_pb_text][et_pb_button button_url=\"mailto:abidjan@daslabor.com\" button_text=\"Nous contacter\" _builder_version=\"4.17.4\" _module_preset=\"default\" custom_button=\"on\" button_text_size=\"19px\" button_text_color=\"#ffffff\" button_bg_color=\"#465e94\" button_border_width=\"0px\" button_border_radius=\"0px\" button_icon=\"\ue076||divi||400\" button_on_hover=\"off\" custom_padding=\"|45px||22px|false|false\" global_colors_info=\"{}\" theme_builder_area=\"post_content\"][\/et_pb_button][et_pb_social_media_follow _builder_version=\"4.17.4\" _module_preset=\"default\" custom_margin=\"20px||||false|false\" global_colors_info=\"{}\" theme_builder_area=\"post_content\"][et_pb_social_media_follow_network social_network=\"facebook\" url=\"https:\/\/www.facebook.com\/people\/Laboratoire-Biodiagnostic-Ivoiro-Allemand\/100076234308698\/\" _builder_version=\"4.17.4\" _module_preset=\"default\" background_color=\"#3b5998\" global_colors_info=\"{}\" theme_builder_area=\"post_content\" follow_button=\"off\" url_new_window=\"on\"]facebook[\/et_pb_social_media_follow_network][\/et_pb_social_media_follow][\/et_pb_column][et_pb_column type=\"1_2\" _builder_version=\"4.16\" background_enable_color=\"off\" background_enable_image=\"off\" background_position=\"center_right\" global_colors_info=\"{}\" theme_builder_area=\"post_content\"][et_pb_code _builder_version=\"4.18.0\" _module_preset=\"default\" custom_margin=\"||0px||false|false\" custom_padding=\"||0px||false|false\" hover_enabled=\"0\" locked=\"off\" global_colors_info=\"{}\" theme_builder_area=\"post_content\" sticky_enabled=\"0\"]<iframe style=\"border: 0;\" tabindex=\"0\" src=\"https:\/\/www.google.com\/maps\/embed?pb=!1m18!1m12!1m3!1d1986.149465111996!2d-3.990051989190626!3d5.371302436979949!2m3!1f0!2f0!3f0!3m2!1i1024!2i768!4f13.1!3m3!1m2!1s0x0%3A0x0!2zNcKwMjInMTYuNyJOIDPCsDU5JzIyLjEiVw!5e0!3m2!1sde!2sde!4v1599478880168!5m2!1sde!2sde\" width=\"600\" height=\"560\" frameborder=\"0\" allowfullscreen=\"allowfullscreen\" aria-hidden=\"false\"><\/iframe>[\/et_pb_code][\/et_pb_column][\/et_pb_row][\/et_pb_section]<\/p>","_et_gb_content_width":"","footnotes":""},"class_list":["post-10881","page","type-page","status-publish","hentry"],"acf":[],"yoast_head":"<!-- This site is optimized with the Yoast SEO plugin v26.9 - https:\/\/yoast.com\/product\/yoast-seo-wordpress\/ -->\n<title>Contact - Das Labor<\/title>\n<meta name=\"robots\" content=\"index, follow, max-snippet:-1, max-image-preview:large, max-video-preview:-1\" \/>\n<link rel=\"canonical\" href=\"https:\/\/www.daslabor.com\/en\/laboratories\/ivoire-allemand\/ivoire-contact\/\" \/>\n<meta property=\"og:locale\" content=\"en_US\" \/>\n<meta property=\"og:type\" content=\"article\" \/>\n<meta property=\"og:title\" content=\"Contact - Das Labor\" \/>\n<meta property=\"og:description\" content=\"Laboratoire Biodiagnostic Ivoiro-Allemand (LBIA) CONTACT Laboratoire Biodiagnostic Ivoiro-Allemand (LBIA) Lundi \u00e0 Vendredi: 7:30 - 17:30 Samedi: 7:30 - 12:00 II Plateaux Vallon-Cocody Rue J107 pr\u00e8s OIM Canada Abidjan, C\u00f4te d&#039;Ivoire T\u00e9l\u00e9phone: +225-0758827067 abidjan@daslabor.com www.daslabor.com\" \/>\n<meta property=\"og:url\" content=\"https:\/\/www.daslabor.com\/en\/laboratories\/ivoire-allemand\/ivoire-contact\/\" \/>\n<meta property=\"og:site_name\" content=\"Das Labor\" \/>\n<meta property=\"article:modified_time\" content=\"2023-01-23T14:12:16+00:00\" \/>\n<meta name=\"twitter:card\" content=\"summary_large_image\" \/>\n<meta name=\"twitter:label1\" content=\"Est. reading time\" \/>\n\t<meta name=\"twitter:data1\" content=\"2 minutes\" \/>\n<script type=\"application\/ld+json\" class=\"yoast-schema-graph\">{\"@context\":\"https:\/\/schema.org\",\"@graph\":[{\"@type\":\"WebPage\",\"@id\":\"https:\/\/www.daslabor.com\/en\/laboratories\/ivoire-allemand\/ivoire-contact\/\",\"url\":\"https:\/\/www.daslabor.com\/en\/laboratories\/ivoire-allemand\/ivoire-contact\/\",\"name\":\"Contact - Das Labor\",\"isPartOf\":{\"@id\":\"https:\/\/www.daslabor.com\/en\/#website\"},\"datePublished\":\"2020-08-21T09:43:56+00:00\",\"dateModified\":\"2023-01-23T14:12:16+00:00\",\"breadcrumb\":{\"@id\":\"https:\/\/www.daslabor.com\/en\/laboratories\/ivoire-allemand\/ivoire-contact\/#breadcrumb\"},\"inLanguage\":\"en-US\",\"potentialAction\":[{\"@type\":\"ReadAction\",\"target\":[\"https:\/\/www.daslabor.com\/en\/laboratories\/ivoire-allemand\/ivoire-contact\/\"]}]},{\"@type\":\"BreadcrumbList\",\"@id\":\"https:\/\/www.daslabor.com\/en\/laboratories\/ivoire-allemand\/ivoire-contact\/#breadcrumb\",\"itemListElement\":[{\"@type\":\"ListItem\",\"position\":1,\"name\":\"Startseite\",\"item\":\"https:\/\/www.daslabor.com\/en\/\"},{\"@type\":\"ListItem\",\"position\":2,\"name\":\"Laboratories\",\"item\":\"https:\/\/www.daslabor.com\/en\/laboratories\/\"},{\"@type\":\"ListItem\",\"position\":3,\"name\":\"Ivoire &#8211; Allemand\",\"item\":\"https:\/\/www.daslabor.com\/en\/laboratories\/ivoire-allemand\/\"},{\"@type\":\"ListItem\",\"position\":4,\"name\":\"Contact\"}]},{\"@type\":\"WebSite\",\"@id\":\"https:\/\/www.daslabor.com\/en\/#website\",\"url\":\"https:\/\/www.daslabor.com\/en\/\",\"name\":\"Das Labor\",\"description\":\"\",\"potentialAction\":[{\"@type\":\"SearchAction\",\"target\":{\"@type\":\"EntryPoint\",\"urlTemplate\":\"https:\/\/www.daslabor.com\/en\/?s={search_term_string}\"},\"query-input\":{\"@type\":\"PropertyValueSpecification\",\"valueRequired\":true,\"valueName\":\"search_term_string\"}}],\"inLanguage\":\"en-US\"}]}<\/script>\n<!-- \/ Yoast SEO plugin. -->","yoast_head_json":{"title":"Contact - Das Labor","robots":{"index":"index","follow":"follow","max-snippet":"max-snippet:-1","max-image-preview":"max-image-preview:large","max-video-preview":"max-video-preview:-1"},"canonical":"https:\/\/www.daslabor.com\/en\/laboratories\/ivoire-allemand\/ivoire-contact\/","og_locale":"en_US","og_type":"article","og_title":"Contact - Das Labor","og_description":"Laboratoire Biodiagnostic Ivoiro-Allemand (LBIA) CONTACT Laboratoire Biodiagnostic Ivoiro-Allemand (LBIA) Lundi \u00e0 Vendredi: 7:30 - 17:30 Samedi: 7:30 - 12:00 II Plateaux Vallon-Cocody Rue J107 pr\u00e8s OIM Canada Abidjan, C\u00f4te d'Ivoire T\u00e9l\u00e9phone: +225-0758827067 abidjan@daslabor.com www.daslabor.com","og_url":"https:\/\/www.daslabor.com\/en\/laboratories\/ivoire-allemand\/ivoire-contact\/","og_site_name":"Das Labor","article_modified_time":"2023-01-23T14:12:16+00:00","twitter_card":"summary_large_image","twitter_misc":{"Est. reading time":"2 minutes"},"schema":{"@context":"https:\/\/schema.org","@graph":[{"@type":"WebPage","@id":"https:\/\/www.daslabor.com\/en\/laboratories\/ivoire-allemand\/ivoire-contact\/","url":"https:\/\/www.daslabor.com\/en\/laboratories\/ivoire-allemand\/ivoire-contact\/","name":"Contact - Das Labor","isPartOf":{"@id":"https:\/\/www.daslabor.com\/en\/#website"},"datePublished":"2020-08-21T09:43:56+00:00","dateModified":"2023-01-23T14:12:16+00:00","breadcrumb":{"@id":"https:\/\/www.daslabor.com\/en\/laboratories\/ivoire-allemand\/ivoire-contact\/#breadcrumb"},"inLanguage":"en-US","potentialAction":[{"@type":"ReadAction","target":["https:\/\/www.daslabor.com\/en\/laboratories\/ivoire-allemand\/ivoire-contact\/"]}]},{"@type":"BreadcrumbList","@id":"https:\/\/www.daslabor.com\/en\/laboratories\/ivoire-allemand\/ivoire-contact\/#breadcrumb","itemListElement":[{"@type":"ListItem","position":1,"name":"Startseite","item":"https:\/\/www.daslabor.com\/en\/"},{"@type":"ListItem","position":2,"name":"Laboratories","item":"https:\/\/www.daslabor.com\/en\/laboratories\/"},{"@type":"ListItem","position":3,"name":"Ivoire &#8211; Allemand","item":"https:\/\/www.daslabor.com\/en\/laboratories\/ivoire-allemand\/"},{"@type":"ListItem","position":4,"name":"Contact"}]},{"@type":"WebSite","@id":"https:\/\/www.daslabor.com\/en\/#website","url":"https:\/\/www.daslabor.com\/en\/","name":"Das Labor","description":"","potentialAction":[{"@type":"SearchAction","target":{"@type":"EntryPoint","urlTemplate":"https:\/\/www.daslabor.com\/en\/?s={search_term_string}"},"query-input":{"@type":"PropertyValueSpecification","valueRequired":true,"valueName":"search_term_string"}}],"inLanguage":"en-US"}]}},"_links":{"self":[{"href":"https:\/\/www.daslabor.com\/en\/wp-json\/wp\/v2\/pages\/10881","targetHints":{"allow":["GET"]}}],"collection":[{"href":"https:\/\/www.daslabor.com\/en\/wp-json\/wp\/v2\/pages"}],"about":[{"href":"https:\/\/www.daslabor.com\/en\/wp-json\/wp\/v2\/types\/page"}],"author":[{"embeddable":true,"href":"https:\/\/www.daslabor.com\/en\/wp-json\/wp\/v2\/users\/1"}],"replies":[{"embeddable":true,"href":"https:\/\/www.daslabor.com\/en\/wp-json\/wp\/v2\/comments?post=10881"}],"version-history":[{"count":2,"href":"https:\/\/www.daslabor.com\/en\/wp-json\/wp\/v2\/pages\/10881\/revisions"}],"predecessor-version":[{"id":10883,"href":"https:\/\/www.daslabor.com\/en\/wp-json\/wp\/v2\/pages\/10881\/revisions\/10883"}],"up":[{"embeddable":true,"href":"https:\/\/www.daslabor.com\/en\/wp-json\/wp\/v2\/pages\/10902"}],"wp:attachment":[{"href":"https:\/\/www.daslabor.com\/en\/wp-json\/wp\/v2\/media?parent=10881"}],"curies":[{"name":"wp","href":"https:\/\/api.w.org\/{rel}","templated":true}]}}