{"id":1491,"date":"2020-06-11T13:07:13","date_gmt":"2020-06-11T11:07:13","guid":{"rendered":"https:\/\/www.daslabor.com\/?page_id=1491"},"modified":"2023-01-20T10:53:43","modified_gmt":"2023-01-20T09:53:43","slug":"das-labor","status":"publish","type":"page","link":"https:\/\/www.daslabor.com\/en\/head-office\/das-labor\/","title":{"rendered":"Das Labor."},"content":{"rendered":"<p>[et_pb_section fb_built=&#8221;1&#8243; admin_label=&#8221;Section&#8221; _builder_version=&#8221;4.17.4&#8243; background_color=&#8221;#FFFFFF&#8221; background_image=&#8221;https:\/\/www.daslabor.com\/wp-content\/uploads\/2022\/06\/lab-2170432-1.jpg&#8221; background_repeat=&#8221;repeat&#8221; width=&#8221;100%&#8221; custom_padding=&#8221;0px||0px||false|false&#8221; da_disable_devices=&#8221;off|off|off&#8221; locked=&#8221;off&#8221; global_colors_info=&#8221;{}&#8221; da_is_popup=&#8221;off&#8221; da_exit_intent=&#8221;off&#8221; da_has_close=&#8221;on&#8221; da_alt_close=&#8221;off&#8221; da_dark_close=&#8221;off&#8221; da_not_modal=&#8221;on&#8221; da_is_singular=&#8221;off&#8221; da_with_loader=&#8221;off&#8221; da_has_shadow=&#8221;on&#8221;][et_pb_row column_structure=&#8221;1_4,3_4&#8243; use_custom_gutter=&#8221;on&#8221; gutter_width=&#8221;1&#8243; make_equal=&#8221;on&#8221; _builder_version=&#8221;4.17.4&#8243; custom_padding=&#8221;50px||50px||false|false&#8221; global_colors_info=&#8221;{}&#8221;][et_pb_column type=&#8221;1_4&#8243; _builder_version=&#8221;4.17.4&#8243; _module_preset=&#8221;default&#8221; global_colors_info=&#8221;{}&#8221;][et_pb_image src=&#8221;https:\/\/www.daslabor.com\/wp-content\/uploads\/2021\/09\/Vfinal-100921-press-release-Das-Labor.jpg&#8221; title_text=&#8221;Vfinal -100921 press release Das Labor&#8221; _builder_version=&#8221;4.17.4&#8243; _module_preset=&#8221;default&#8221; global_colors_info=&#8221;{}&#8221;][\/et_pb_image][\/et_pb_column][et_pb_column type=&#8221;3_4&#8243; _builder_version=&#8221;4.16&#8243; background_color=&#8221;rgba(70,94,148,0.8)&#8221; custom_padding=&#8221;15px|20px|15px|20px|true|false&#8221; custom_css_main_element=&#8221;border-left: 10px solid rgba(102,179,222,0.8);&#8221; global_colors_info=&#8221;{}&#8221;][et_pb_text _builder_version=&#8221;4.17.4&#8243; text_font=&#8221;|||on|||||&#8221; text_text_color=&#8221;#ffffff&#8221; header_font=&#8221;|600|||||||&#8221; header_text_color=&#8221;#FFFFFF&#8221; header_font_size=&#8221;28px&#8221; header_2_font=&#8221;|||on|||||&#8221; header_2_text_color=&#8221;#ffffff&#8221; header_2_font_size=&#8221;34px&#8221; header_2_line_height=&#8221;1.3em&#8221; custom_padding=&#8221;42px|||10px|false|false&#8221; global_colors_info=&#8221;{}&#8221;]<\/p>\n<h1>Head office<\/h1>\n<h2>Das Labor.<\/h2>\n<p>[\/et_pb_text][\/et_pb_column][\/et_pb_row][\/et_pb_section][et_pb_section fb_built=&#8221;1&#8243; _builder_version=&#8221;4.16&#8243; background_color=&#8221;#f2f2f2&#8243; custom_padding=&#8221;||100px|||&#8221; da_disable_devices=&#8221;off|off|off&#8221; locked=&#8221;off&#8221; global_colors_info=&#8221;{}&#8221; da_is_popup=&#8221;off&#8221; da_exit_intent=&#8221;off&#8221; da_has_close=&#8221;on&#8221; da_alt_close=&#8221;off&#8221; da_dark_close=&#8221;off&#8221; da_not_modal=&#8221;on&#8221; da_is_singular=&#8221;off&#8221; da_with_loader=&#8221;off&#8221; da_has_shadow=&#8221;on&#8221;][et_pb_row column_structure=&#8221;1_5,1_5,1_5,1_5,1_5&#8243; use_custom_gutter=&#8221;on&#8221; gutter_width=&#8221;2&#8243; make_equal=&#8221;on&#8221; custom_padding_last_edited=&#8221;on|phone&#8221; _builder_version=&#8221;4.18.0&#8243; custom_margin=&#8221;||||false|false&#8221; custom_margin_tablet=&#8221;&#8221; custom_margin_phone=&#8221;||0px||false|false&#8221; custom_margin_last_edited=&#8221;on|desktop&#8221; custom_padding=&#8221;||30px||false|false&#8221; custom_padding_tablet=&#8221;&#8221; custom_padding_phone=&#8221;||||false|false&#8221; locked=&#8221;off&#8221; global_colors_info=&#8221;{}&#8221;][et_pb_column type=&#8221;1_5&#8243; module_class=&#8221;pfeil&#8221; disabled_on=&#8221;off|off|off&#8221; _builder_version=&#8221;4.18.0&#8243; background_color=&#8221;#ffffff&#8221; custom_padding=&#8221;35px||30px||false|false&#8221; link_option_url=&#8221;\/siege-social\/das-labor\/&#8221; global_colors_info=&#8221;{}&#8221;][et_pb_blurb title=&#8221;Das Labor.&#8221; image=&#8221;https:\/\/www.daslabor.com\/wp-content\/uploads\/2021\/12\/Das-Labor-DE.png&#8221; image_icon_width=&#8221;65%&#8221; _builder_version=&#8221;4.17.4&#8243; header_text_align=&#8221;center&#8221; header_text_color=&#8221;#465e94&#8243; image_icon_custom_margin=&#8221;20px||33px||false|false&#8221; global_colors_info=&#8221;{}&#8221;][\/et_pb_blurb][\/et_pb_column][et_pb_column type=&#8221;1_5&#8243; _builder_version=&#8221;4.18.0&#8243; background_color=&#8221;#ffffff&#8221; custom_padding=&#8221;35px||30px||false|false&#8221; link_option_url=&#8221;\/siege-social\/vision-mission\/&#8221; global_colors_info=&#8221;{}&#8221;][et_pb_blurb title=&#8221;Vision &#038; Mission&#8221; image=&#8221;https:\/\/www.daslabor.com\/wp-content\/uploads\/2020\/06\/results.jpg&#8221; _builder_version=&#8221;4.16&#8243; header_text_align=&#8221;center&#8221; header_text_color=&#8221;#465e94&#8243; custom_css_blurb_image=&#8221;width: 55px;&#8221; global_colors_info=&#8221;{}&#8221;][\/et_pb_blurb][\/et_pb_column][et_pb_column type=&#8221;1_5&#8243; disabled_on=&#8221;off|off|off&#8221; _builder_version=&#8221;4.18.0&#8243; background_color=&#8221;#ffffff&#8221; custom_padding=&#8221;35px||30px||false|false&#8221; link_option_url=&#8221;\/siege-social\/partenaires\/&#8221; global_colors_info=&#8221;{}&#8221;][et_pb_blurb title=&#8221;Partners&#8221; image=&#8221;https:\/\/www.daslabor.com\/wp-content\/uploads\/2020\/06\/partner.jpg&#8221; _builder_version=&#8221;4.19.2&#8243; header_text_align=&#8221;center&#8221; header_text_color=&#8221;#465e94&#8243; hover_enabled=&#8221;0&#8243; global_colors_info=&#8221;{}&#8221; sticky_enabled=&#8221;0&#8243;][\/et_pb_blurb][\/et_pb_column][et_pb_column type=&#8221;1_5&#8243; disabled_on=&#8221;off|off|off&#8221; _builder_version=&#8221;4.18.0&#8243; background_color=&#8221;#FFFFFF&#8221; custom_padding=&#8221;35px||30px||false|false&#8221; link_option_url=&#8221;\/siege-social\/nos-publications\/&#8221; global_colors_info=&#8221;{}&#8221;][et_pb_blurb title=&#8221; Publications&#8221; image=&#8221;https:\/\/www.daslabor.com\/wp-content\/uploads\/2020\/06\/info-02.jpg&#8221; image_icon_width=&#8221;90%&#8221; _builder_version=&#8221;4.17.4&#8243; header_text_align=&#8221;center&#8221; header_text_color=&#8221;#465e94&#8243; image_icon_custom_margin=&#8221;||4px||false|false&#8221; global_colors_info=&#8221;{}&#8221;][\/et_pb_blurb][\/et_pb_column][et_pb_column type=&#8221;1_5&#8243; disabled_on=&#8221;off|off|off&#8221; _builder_version=&#8221;4.18.0&#8243; background_color=&#8221;#FFFFFF&#8221; custom_padding=&#8221;35px||30px||false|false&#8221; link_option_url=&#8221;\/siege-social\/contact\/&#8221; global_colors_info=&#8221;{}&#8221;][et_pb_blurb title=&#8221;Contact&#8221; image=&#8221;https:\/\/www.daslabor.com\/wp-content\/uploads\/2020\/06\/contact-03.png&#8221; _builder_version=&#8221;4.16&#8243; header_text_align=&#8221;center&#8221; header_text_color=&#8221;#465e94&#8243; global_colors_info=&#8221;{}&#8221;][\/et_pb_blurb][\/et_pb_column][\/et_pb_row][et_pb_row column_structure=&#8221;1_2,1_2&#8243; use_custom_gutter=&#8221;on&#8221; gutter_width=&#8221;1&#8243; make_equal=&#8221;on&#8221; _builder_version=&#8221;4.16&#8243; background_color=&#8221;#ffffff&#8221; custom_margin=&#8221;30px||||false|false&#8221; custom_margin_tablet=&#8221;&#8221; custom_margin_phone=&#8221;0px||||false|false&#8221; custom_margin_last_edited=&#8221;on|phone&#8221; custom_padding=&#8221;0px||0px||true|true&#8221; global_colors_info=&#8221;{}&#8221;][et_pb_column type=&#8221;1_2&#8243; _builder_version=&#8221;4.16&#8243; background_enable_color=&#8221;off&#8221; custom_padding=&#8221;0px||0px||true|false&#8221; global_colors_info=&#8221;{}&#8221;][et_pb_text _builder_version=&#8221;4.16&#8243; width=&#8221;100%&#8221; width_tablet=&#8221;&#8221; width_phone=&#8221;100%&#8221; width_last_edited=&#8221;on|desktop&#8221; custom_padding=&#8221;50px|50px|50px|50px|true|true&#8221; custom_padding_tablet=&#8221;&#8221; custom_padding_phone=&#8221;30px|30px|30px|30px|true|true&#8221; custom_padding_last_edited=&#8221;on|phone&#8221; global_colors_info=&#8221;{}&#8221;]<\/p>\n<p><strong>Welcome at Das Labor.<\/strong><\/p>\n<p><strong>Das Labor. GmbH<\/strong> is a German company based in Potsdam. Its mission is to establish and operate high quality medical laboratories to provide reliable diagnostic services in sub-Saharan Africa.<\/p>\n<p>\u00a0Another field of activity is the production of quality medical rapid tests. Our production unit is located in Abidjan and enables a production according to German standards in C\u00f4te d&#8217;Ivoire.<\/p>\n<p>[\/et_pb_text][\/et_pb_column][et_pb_column type=&#8221;1_2&#8243; _builder_version=&#8221;4.16&#8243; background_image=&#8221;https:\/\/www.daslabor.com\/wp-content\/uploads\/2020\/06\/AdobeStock_302750257-scaled.jpeg&#8221; background_position=&#8221;center_left&#8221; global_colors_info=&#8221;{}&#8221;][et_pb_image src=&#8221;https:\/\/www.daslabor.com\/wp-content\/uploads\/2020\/06\/AdobeStock_302750257-scaled.jpeg&#8221; title_text=&#8221;African-american medical doctor working in research lab. Science assistant making pharmaceutical experiments. Chemistry, medicine, biochemistry, biotechnology and healthcare concept.&#8221; disabled_on=&#8221;off|on|on&#8221; _builder_version=&#8221;4.16&#8243; _module_preset=&#8221;default&#8221; global_colors_info=&#8221;{}&#8221;][\/et_pb_image][\/et_pb_column][\/et_pb_row][et_pb_row column_structure=&#8221;1_2,1_2&#8243; use_custom_gutter=&#8221;on&#8221; gutter_width=&#8221;1&#8243; make_equal=&#8221;on&#8221; _builder_version=&#8221;4.17.4&#8243; background_color=&#8221;#ffffff&#8221; custom_margin=&#8221;30px||||false|false&#8221; custom_padding=&#8221;0px||0px||true|true&#8221; hover_enabled=&#8221;0&#8243; global_colors_info=&#8221;{}&#8221; sticky_enabled=&#8221;0&#8243;][et_pb_column type=&#8221;1_2&#8243; _builder_version=&#8221;4.16&#8243; background_enable_color=&#8221;off&#8221; custom_padding=&#8221;0px||0px||true|false&#8221; global_colors_info=&#8221;{}&#8221;][et_pb_text _builder_version=&#8221;4.16&#8243; width=&#8221;100%&#8221; width_tablet=&#8221;&#8221; width_phone=&#8221;100%&#8221; width_last_edited=&#8221;on|desktop&#8221; custom_padding=&#8221;50px|42px|50px|42px|true|true&#8221; custom_padding_tablet=&#8221;&#8221; custom_padding_phone=&#8221;30px|30px|30px|30px|true|true&#8221; custom_padding_last_edited=&#8221;on|phone&#8221; global_colors_info=&#8221;{}&#8221;]<\/p>\n<p><strong>Quality<\/strong><\/p>\n<p>Das Labor. offers high quality services. Internal Quality Control is constantly integrated into our daily practices.<\/p>\n<p>As part of our external quality control, our laboratories work together with the <em>German Society for the Promotion of Quality Assurance in Medical Laboratories<\/em> (www.instand-ev.de) and participate regularly in their quality controls.<\/p>\n<p>\u00a0The quality management of the rapid tests\u2019 development and production is certified according to ISO 13485.<\/p>\n<p>Our rapid tests are authorised to carry the <img loading=\"lazy\" decoding=\"async\" src=\"https:\/\/www.daslabor.com\/wp-content\/uploads\/2020\/08\/logo_CE_s.png\" alt=\"\" class=\"wp-image-1204 alignnone size-full\" width=\"30\" height=\"21\" srcset=\"https:\/\/www.daslabor.com\/wp-content\/uploads\/2020\/08\/logo_CE_s.png 30w, https:\/\/www.daslabor.com\/wp-content\/uploads\/2020\/08\/logo_CE_s-24x17.png 24w\" sizes=\"(max-width: 30px) 100vw, 30px\" \/> label and are validated &amp; approved in Germany and the C\u00f4te d&#8217;Ivoire.<\/p>\n<p>[\/et_pb_text][\/et_pb_column][et_pb_column type=&#8221;1_2&#8243; _builder_version=&#8221;4.17.4&#8243; background_enable_color=&#8221;off&#8221; background_image=&#8221;https:\/\/www.daslabor.com\/wp-content\/uploads\/2020\/06\/BMWi_Mittelstand_Global_Health_made_in_Germany_CMYK_Schutzraum.png&#8221; background_size=&#8221;initial&#8221; background_last_edited=&#8221;on|phone&#8221; background_enable_image_phone=&#8221;off&#8221; global_colors_info=&#8221;{}&#8221;][et_pb_image src=&#8221;https:\/\/www.daslabor.com\/wp-content\/uploads\/2020\/06\/BMWi_Mittelstand_Global_Health_made_in_Germany_CMYK_Schutzraum.png&#8221; title_text=&#8221;BMWi_Mittelstand_Global_Health_made_in_Germany_CMYK_Schutzraum&#8221; align=&#8221;center&#8221; disabled_on=&#8221;off|on|on&#8221; _builder_version=&#8221;4.16&#8243; _module_preset=&#8221;default&#8221; custom_padding=&#8221;30px||30px||true|false&#8221; global_colors_info=&#8221;{}&#8221;][\/et_pb_image][\/et_pb_column][\/et_pb_row][\/et_pb_section]<\/p>\n","protected":false},"excerpt":{"rendered":"<p>Head office Das Labor.Welcome at Das Labor. Das Labor. GmbH is a German company based in Potsdam. Its mission is to establish and operate high quality medical laboratories to provide reliable diagnostic services in sub-Saharan Africa. \u00a0Another field of activity is the production of quality medical rapid tests. Our production unit is located in Abidjan [&hellip;]<\/p>\n","protected":false},"author":1,"featured_media":0,"parent":10922,"menu_order":0,"comment_status":"closed","ping_status":"closed","template":"","meta":{"_acf_changed":false,"_et_pb_use_builder":"on","_et_pb_old_content":"<!-- wp:paragraph -->\r\n<p>Dies ist eine Beispiel-Seite. Sie unterscheidet sich von Beitr\u00e4gen, da sie stets an derselben Stelle bleibt und (bei den meisten Themes) in der Website-Navigation angezeigt wird. Die meisten starten mit einem Impressum, der Datenschutzerkl\u00e4rung oder einer \u201e\u00dcber\u00a0uns\u201c-Seite, um sich potenziellen Besuchern der Website vorzustellen. Dort k\u00f6nnte zum Beispiel stehen:<\/p>\r\n<!-- \/wp:paragraph --><!-- wp:quote -->\r\n<blockquote class=\"wp-block-quote\">\r\n<p>Hallo! Tags\u00fcber arbeite ich als Fahrradkurier, nachts bin ich ein aufstrebender Schauspieler und dies hier ist meine Website. Ich lebe in Berlin, habe einen gro\u00dfen Hund namens Jack, mag Pi\u00f1a Coladas, jedoch weniger (ohne Schirm) im Regen stehen gelassen zu werden.<\/p>\r\n<\/blockquote>\r\n<!-- \/wp:quote --><!-- wp:paragraph -->\r\n<p>...oder so etwas wie das hier:<\/p>\r\n<!-- \/wp:paragraph --><!-- wp:quote -->\r\n<blockquote class=\"wp-block-quote\">\r\n<p>Das Unternehmen XYZ wurde 1971 gegr\u00fcndet und versorgt die \u00d6ffentlichkeit seither mit qualitativ hochwertigen Produkten. An seinem Standort in einer kleinen Gro\u00dfstadt besch\u00e4ftigt der Betrieb \u00fcber 2.000 Menschen und unterst\u00fctzt die Stadtbewohner in vielfacher Hinsicht.<\/p>\r\n<\/blockquote>\r\n<!-- \/wp:quote --><!-- wp:paragraph -->\r\n<p>Als neuer WordPress-Benutzer solltest du <a href=\"http:\/\/daslabor.artivista.de\/wp-admin\/\">dein Dashboard<\/a> aufrufen, um diese Seite zu l\u00f6schen und neue Seiten und Beitr\u00e4ge f\u00fcr deine Website erstellen. Viel Spa\u00df!<\/p>\r\n<!-- \/wp:paragraph -->","_et_gb_content_width":"","footnotes":""},"class_list":["post-1491","page","type-page","status-publish","hentry"],"acf":[],"yoast_head":"<!-- This site is optimized with the Yoast SEO plugin v26.9 - https:\/\/yoast.com\/product\/yoast-seo-wordpress\/ -->\n<title>Das Labor. - Das Labor<\/title>\n<meta name=\"robots\" content=\"index, follow, max-snippet:-1, max-image-preview:large, max-video-preview:-1\" \/>\n<link rel=\"canonical\" href=\"https:\/\/www.daslabor.com\/en\/head-office\/das-labor\/\" \/>\n<meta property=\"og:locale\" content=\"en_US\" \/>\n<meta property=\"og:type\" content=\"article\" \/>\n<meta property=\"og:title\" content=\"Das Labor. - Das Labor\" \/>\n<meta property=\"og:description\" content=\"Head office Das Labor.Welcome at Das Labor. Das Labor. GmbH is a German company based in Potsdam. Its mission is to establish and operate high quality medical laboratories to provide reliable diagnostic services in sub-Saharan Africa. \u00a0Another field of activity is the production of quality medical rapid tests. Our production unit is located in Abidjan [&hellip;]\" \/>\n<meta property=\"og:url\" content=\"https:\/\/www.daslabor.com\/en\/head-office\/das-labor\/\" \/>\n<meta property=\"og:site_name\" content=\"Das Labor\" \/>\n<meta property=\"article:modified_time\" content=\"2023-01-20T09:53:43+00:00\" \/>\n<meta property=\"og:image\" content=\"https:\/\/www.daslabor.com\/wp-content\/uploads\/2020\/08\/logo_CE_s.png\" \/>\n<meta name=\"twitter:card\" content=\"summary_large_image\" \/>\n<meta name=\"twitter:label1\" content=\"Est. reading time\" \/>\n\t<meta name=\"twitter:data1\" content=\"2 minutes\" \/>\n<script type=\"application\/ld+json\" class=\"yoast-schema-graph\">{\"@context\":\"https:\/\/schema.org\",\"@graph\":[{\"@type\":\"WebPage\",\"@id\":\"https:\/\/www.daslabor.com\/en\/head-office\/das-labor\/\",\"url\":\"https:\/\/www.daslabor.com\/en\/head-office\/das-labor\/\",\"name\":\"Das Labor. - Das Labor\",\"isPartOf\":{\"@id\":\"https:\/\/www.daslabor.com\/en\/#website\"},\"primaryImageOfPage\":{\"@id\":\"https:\/\/www.daslabor.com\/en\/head-office\/das-labor\/#primaryimage\"},\"image\":{\"@id\":\"https:\/\/www.daslabor.com\/en\/head-office\/das-labor\/#primaryimage\"},\"thumbnailUrl\":\"https:\/\/www.daslabor.com\/wp-content\/uploads\/2020\/08\/logo_CE_s.png\",\"datePublished\":\"2020-06-11T11:07:13+00:00\",\"dateModified\":\"2023-01-20T09:53:43+00:00\",\"breadcrumb\":{\"@id\":\"https:\/\/www.daslabor.com\/en\/head-office\/das-labor\/#breadcrumb\"},\"inLanguage\":\"en-US\",\"potentialAction\":[{\"@type\":\"ReadAction\",\"target\":[\"https:\/\/www.daslabor.com\/en\/head-office\/das-labor\/\"]}]},{\"@type\":\"ImageObject\",\"inLanguage\":\"en-US\",\"@id\":\"https:\/\/www.daslabor.com\/en\/head-office\/das-labor\/#primaryimage\",\"url\":\"https:\/\/www.daslabor.com\/wp-content\/uploads\/2020\/08\/logo_CE_s.png\",\"contentUrl\":\"https:\/\/www.daslabor.com\/wp-content\/uploads\/2020\/08\/logo_CE_s.png\"},{\"@type\":\"BreadcrumbList\",\"@id\":\"https:\/\/www.daslabor.com\/en\/head-office\/das-labor\/#breadcrumb\",\"itemListElement\":[{\"@type\":\"ListItem\",\"position\":1,\"name\":\"Startseite\",\"item\":\"https:\/\/www.daslabor.com\/en\/\"},{\"@type\":\"ListItem\",\"position\":2,\"name\":\"Head Office\",\"item\":\"https:\/\/www.daslabor.com\/en\/head-office\/\"},{\"@type\":\"ListItem\",\"position\":3,\"name\":\"Das Labor.\"}]},{\"@type\":\"WebSite\",\"@id\":\"https:\/\/www.daslabor.com\/en\/#website\",\"url\":\"https:\/\/www.daslabor.com\/en\/\",\"name\":\"Das Labor\",\"description\":\"\",\"potentialAction\":[{\"@type\":\"SearchAction\",\"target\":{\"@type\":\"EntryPoint\",\"urlTemplate\":\"https:\/\/www.daslabor.com\/en\/?s={search_term_string}\"},\"query-input\":{\"@type\":\"PropertyValueSpecification\",\"valueRequired\":true,\"valueName\":\"search_term_string\"}}],\"inLanguage\":\"en-US\"}]}<\/script>\n<!-- \/ Yoast SEO plugin. -->","yoast_head_json":{"title":"Das Labor. - Das Labor","robots":{"index":"index","follow":"follow","max-snippet":"max-snippet:-1","max-image-preview":"max-image-preview:large","max-video-preview":"max-video-preview:-1"},"canonical":"https:\/\/www.daslabor.com\/en\/head-office\/das-labor\/","og_locale":"en_US","og_type":"article","og_title":"Das Labor. - Das Labor","og_description":"Head office Das Labor.Welcome at Das Labor. Das Labor. GmbH is a German company based in Potsdam. Its mission is to establish and operate high quality medical laboratories to provide reliable diagnostic services in sub-Saharan Africa. \u00a0Another field of activity is the production of quality medical rapid tests. Our production unit is located in Abidjan [&hellip;]","og_url":"https:\/\/www.daslabor.com\/en\/head-office\/das-labor\/","og_site_name":"Das Labor","article_modified_time":"2023-01-20T09:53:43+00:00","og_image":[{"url":"https:\/\/www.daslabor.com\/wp-content\/uploads\/2020\/08\/logo_CE_s.png","type":"","width":"","height":""}],"twitter_card":"summary_large_image","twitter_misc":{"Est. reading time":"2 minutes"},"schema":{"@context":"https:\/\/schema.org","@graph":[{"@type":"WebPage","@id":"https:\/\/www.daslabor.com\/en\/head-office\/das-labor\/","url":"https:\/\/www.daslabor.com\/en\/head-office\/das-labor\/","name":"Das Labor. - Das Labor","isPartOf":{"@id":"https:\/\/www.daslabor.com\/en\/#website"},"primaryImageOfPage":{"@id":"https:\/\/www.daslabor.com\/en\/head-office\/das-labor\/#primaryimage"},"image":{"@id":"https:\/\/www.daslabor.com\/en\/head-office\/das-labor\/#primaryimage"},"thumbnailUrl":"https:\/\/www.daslabor.com\/wp-content\/uploads\/2020\/08\/logo_CE_s.png","datePublished":"2020-06-11T11:07:13+00:00","dateModified":"2023-01-20T09:53:43+00:00","breadcrumb":{"@id":"https:\/\/www.daslabor.com\/en\/head-office\/das-labor\/#breadcrumb"},"inLanguage":"en-US","potentialAction":[{"@type":"ReadAction","target":["https:\/\/www.daslabor.com\/en\/head-office\/das-labor\/"]}]},{"@type":"ImageObject","inLanguage":"en-US","@id":"https:\/\/www.daslabor.com\/en\/head-office\/das-labor\/#primaryimage","url":"https:\/\/www.daslabor.com\/wp-content\/uploads\/2020\/08\/logo_CE_s.png","contentUrl":"https:\/\/www.daslabor.com\/wp-content\/uploads\/2020\/08\/logo_CE_s.png"},{"@type":"BreadcrumbList","@id":"https:\/\/www.daslabor.com\/en\/head-office\/das-labor\/#breadcrumb","itemListElement":[{"@type":"ListItem","position":1,"name":"Startseite","item":"https:\/\/www.daslabor.com\/en\/"},{"@type":"ListItem","position":2,"name":"Head Office","item":"https:\/\/www.daslabor.com\/en\/head-office\/"},{"@type":"ListItem","position":3,"name":"Das Labor."}]},{"@type":"WebSite","@id":"https:\/\/www.daslabor.com\/en\/#website","url":"https:\/\/www.daslabor.com\/en\/","name":"Das Labor","description":"","potentialAction":[{"@type":"SearchAction","target":{"@type":"EntryPoint","urlTemplate":"https:\/\/www.daslabor.com\/en\/?s={search_term_string}"},"query-input":{"@type":"PropertyValueSpecification","valueRequired":true,"valueName":"search_term_string"}}],"inLanguage":"en-US"}]}},"_links":{"self":[{"href":"https:\/\/www.daslabor.com\/en\/wp-json\/wp\/v2\/pages\/1491","targetHints":{"allow":["GET"]}}],"collection":[{"href":"https:\/\/www.daslabor.com\/en\/wp-json\/wp\/v2\/pages"}],"about":[{"href":"https:\/\/www.daslabor.com\/en\/wp-json\/wp\/v2\/types\/page"}],"author":[{"embeddable":true,"href":"https:\/\/www.daslabor.com\/en\/wp-json\/wp\/v2\/users\/1"}],"replies":[{"embeddable":true,"href":"https:\/\/www.daslabor.com\/en\/wp-json\/wp\/v2\/comments?post=1491"}],"version-history":[{"count":11,"href":"https:\/\/www.daslabor.com\/en\/wp-json\/wp\/v2\/pages\/1491\/revisions"}],"predecessor-version":[{"id":11117,"href":"https:\/\/www.daslabor.com\/en\/wp-json\/wp\/v2\/pages\/1491\/revisions\/11117"}],"up":[{"embeddable":true,"href":"https:\/\/www.daslabor.com\/en\/wp-json\/wp\/v2\/pages\/10922"}],"wp:attachment":[{"href":"https:\/\/www.daslabor.com\/en\/wp-json\/wp\/v2\/media?parent=1491"}],"curies":[{"name":"wp","href":"https:\/\/api.w.org\/{rel}","templated":true}]}}