{"id":1539,"date":"2020-06-10T11:54:52","date_gmt":"2020-06-10T09:54:52","guid":{"rendered":"https:\/\/www.daslabor.com\/?page_id=1539"},"modified":"2025-03-04T11:17:32","modified_gmt":"2025-03-04T10:17:32","slug":"startseite-2","status":"publish","type":"page","link":"https:\/\/www.daslabor.com\/en\/","title":{"rendered":"Startseite"},"content":{"rendered":"<p>[et_pb_section fb_built=&#8221;1&#8243; _builder_version=&#8221;4.17.4&#8243; background_color=&#8221;#f3f4f4&#8243; custom_padding=&#8221;||0px||false|false&#8221; da_disable_devices=&#8221;off|off|off&#8221; locked=&#8221;off&#8221; global_colors_info=&#8221;{}&#8221; da_is_popup=&#8221;off&#8221; da_exit_intent=&#8221;off&#8221; da_has_close=&#8221;on&#8221; da_alt_close=&#8221;off&#8221; da_dark_close=&#8221;off&#8221; da_not_modal=&#8221;on&#8221; da_is_singular=&#8221;off&#8221; da_with_loader=&#8221;off&#8221; da_has_shadow=&#8221;on&#8221;][et_pb_row use_custom_gutter=&#8221;on&#8221; gutter_width=&#8221;1&#8243; make_equal=&#8221;on&#8221; _builder_version=&#8221;4.19.2&#8243; background_color=&#8221;#FFFFFF&#8221; locked=&#8221;off&#8221; global_colors_info=&#8221;{}&#8221;][et_pb_column type=&#8221;4_4&#8243; _builder_version=&#8221;4.17.4&#8243; background_enable_color=&#8221;off&#8221; custom_padding=&#8221;35px||30px||false|false&#8221; global_colors_info=&#8221;{}&#8221;][et_pb_text _builder_version=&#8221;4.18.0&#8243; _module_preset=&#8221;default&#8221; text_font_size=&#8221;19px&#8221; text_line_height=&#8221;1.5em&#8221; header_text_color=&#8221;#465E94&#8243; header_line_height=&#8221;1.4em&#8221; text_orientation=&#8221;center&#8221; width=&#8221;75%&#8221; width_tablet=&#8221;75%&#8221; width_phone=&#8221;75%&#8221; width_last_edited=&#8221;on|phone&#8221; module_alignment=&#8221;center&#8221; global_colors_info=&#8221;{}&#8221;]<\/p>\n<h1><strong>Bienvenue chez Das Labor.<\/strong><\/h1>\n<p class=\"tdfocus-1670944857631\"><span style=\"color: #465e94;\" class=\"tdfocus-1670944855210\"><strong>Das Labor. GmbH <\/strong>est une soci\u00e9t\u00e9 allemande dont la mission est de cr\u00e9er et de faire fonctionner des laboratoires d\u2019analyses m\u00e9dicales de qualit\u00e9 pour offrir des services de diagnostic en Afrique subsaharienne. <\/span><span style=\"color: #465e94;\">Une autre activit\u00e9 est la production de tests rapides m\u00e9dicaux. L\u2019unit\u00e9 de production est install\u00e9e \u00e0 Abidjan.<\/span><\/p>\n<p><span style=\"color: #465e94;\">Veuillez choisir le site sur lequel vous recherchez des informations suppl\u00e9mentaires :<\/span><\/p>\n<p>[\/et_pb_text][\/et_pb_column][\/et_pb_row][\/et_pb_section][et_pb_section fb_built=&#8221;1&#8243; _builder_version=&#8221;4.17.4&#8243; _module_preset=&#8221;default&#8221; background_color=&#8221;#f3f4f4&#8243; custom_padding=&#8221;30px|||||&#8221; da_disable_devices=&#8221;off|off|off&#8221; locked=&#8221;off&#8221; global_colors_info=&#8221;{}&#8221; da_is_popup=&#8221;off&#8221; da_exit_intent=&#8221;off&#8221; da_has_close=&#8221;on&#8221; da_alt_close=&#8221;off&#8221; da_dark_close=&#8221;off&#8221; da_not_modal=&#8221;on&#8221; da_is_singular=&#8221;off&#8221; da_with_loader=&#8221;off&#8221; da_has_shadow=&#8221;on&#8221;][et_pb_row column_structure=&#8221;1_4,1_4,1_4,1_4&#8243; use_custom_gutter=&#8221;on&#8221; gutter_width=&#8221;2&#8243; make_equal=&#8221;on&#8221; _builder_version=&#8221;4.17.4&#8243; _module_preset=&#8221;default&#8221; global_colors_info=&#8221;{}&#8221;][et_pb_column type=&#8221;1_4&#8243; _builder_version=&#8221;4.17.4&#8243; _module_preset=&#8221;default&#8221; background_color=&#8221;#465E94&#8243; global_colors_info=&#8221;{}&#8221;][et_pb_image src=&#8221;https:\/\/www.daslabor.com\/wp-content\/uploads\/2022\/06\/Lab-Abidjan2-1-300&#215;164.jpg&#8221; title_text=&#8221;Lab Abidjan2&#8243; url=&#8221;\/laboratoires\/ivoire-allemand\/service-labo\/&#8221; force_fullwidth=&#8221;on&#8221; _builder_version=&#8221;4.18.0&#8243; _module_preset=&#8221;default&#8221; width_tablet=&#8221;&#8221; width_phone=&#8221;150%&#8221; width_last_edited=&#8221;on|phone&#8221; global_colors_info=&#8221;{}&#8221;][\/et_pb_image][et_pb_text _builder_version=&#8221;4.18.0&#8243; _module_preset=&#8221;default&#8221; header_2_font=&#8221;|600||on|||||&#8221; header_2_text_color=&#8221;#FFFFFF&#8221; header_2_font_size=&#8221;15px&#8221; header_2_line_height=&#8221;1.4em&#8221; custom_margin=&#8221;||0px||false|false&#8221; custom_padding=&#8221;|20px|0px|20px|false|true&#8221; link_option_url=&#8221;\/laboratoires\/ivoire-allemand\/service-labo\/&#8221; global_colors_info=&#8221;{}&#8221;]<\/p>\n<h2>Laboratoire Biodiagnostic <br \/>Ivoiro \u2013 Allemand<\/h2>\n<p>[\/et_pb_text][et_pb_menu menu_id=&#8221;32&#8243; submenu_direction=&#8221;upwards&#8221; active_link_color=&#8221;#FFFFFF&#8221; cart_icon_color=&#8221;#465E94&#8243; search_icon_color=&#8221;#465E94&#8243; module_class=&#8221;vertical lwp-hide-mobile-menu&#8221; _builder_version=&#8221;4.18.0&#8243; _module_preset=&#8221;default&#8221; menu_text_color=&#8221;#FFFFFF&#8221; menu_font_size=&#8221;16px&#8221; background_color=&#8221;RGBA(255,255,255,0)&#8221; min_height=&#8221;140px&#8221; custom_padding=&#8221;0px|20px|0px|20px|false|true&#8221; db_link_spacing=&#8221;0px&#8221; global_colors_info=&#8221;{}&#8221;][\/et_pb_menu][\/et_pb_column][et_pb_column type=&#8221;1_4&#8243; _builder_version=&#8221;4.17.4&#8243; _module_preset=&#8221;default&#8221; background_color=&#8221;#465E94&#8243; global_colors_info=&#8221;{}&#8221;][et_pb_image src=&#8221;https:\/\/www.daslabor.com\/wp-content\/uploads\/2022\/06\/Labor_Lome-300&#215;164.jpg&#8221; title_text=&#8221;Labor_Lome&#8221; url=&#8221;https:\/\/www.daslabor.tg\/&#8221; force_fullwidth=&#8221;on&#8221; _builder_version=&#8221;4.27.4&#8243; _module_preset=&#8221;default&#8221; hover_enabled=&#8221;0&#8243; global_colors_info=&#8221;{}&#8221; sticky_enabled=&#8221;0&#8243;][\/et_pb_image][et_pb_text _builder_version=&#8221;4.26.1&#8243; _module_preset=&#8221;default&#8221; text_text_color=&#8221;#FFFFFF&#8221; text_font_size=&#8221;16px&#8221; text_line_height=&#8221;29px&#8221; header_2_font=&#8221;|600||on|||||&#8221; header_2_text_color=&#8221;#FFFFFF&#8221; header_2_font_size=&#8221;15px&#8221; header_2_line_height=&#8221;1.4em&#8221; background_layout=&#8221;dark&#8221; custom_margin=&#8221;||0px||false|false&#8221; custom_padding=&#8221;|20px|0px|20px|false|true&#8221; custom_padding_tablet=&#8221;|20px|0px|20px|false|true&#8221; custom_padding_phone=&#8221;|20px|30px|20px|false|true&#8221; custom_padding_last_edited=&#8221;on|phone&#8221; link_option_url=&#8221;https:\/\/www.daslabor.tg\/&#8221; link_option_url_new_window=&#8221;on&#8221; global_colors_info=&#8221;{}&#8221;]<\/p>\n<h2>Laboratoire M\u00e9dical<br \/>\nTogolais \u2013 Allemand<\/h2>\n<p>Pour plus d\u00b4informations, cliquer ici:<br \/>\nwww.daslabor.tg[\/et_pb_text][\/et_pb_column][et_pb_column type=&#8221;1_4&#8243; _builder_version=&#8221;4.17.4&#8243; _module_preset=&#8221;default&#8221; background_color=&#8221;#465E94&#8243; link_option_url=&#8221;https:\/\/www.lga-guinee.com\/&#8221; link_option_url_new_window=&#8221;on&#8221; global_colors_info=&#8221;{}&#8221;][et_pb_image src=&#8221;https:\/\/www.daslabor.com\/wp-content\/uploads\/2022\/06\/lga2-300&#215;164.jpg&#8221; title_text=&#8221;lga2&#8243; url=&#8221;https:\/\/www.lga-guinee.com\/&#8221; url_new_window=&#8221;on&#8221; force_fullwidth=&#8221;on&#8221; _builder_version=&#8221;4.18.0&#8243; _module_preset=&#8221;default&#8221; global_colors_info=&#8221;{}&#8221;][\/et_pb_image][et_pb_text _builder_version=&#8221;4.18.0&#8243; _module_preset=&#8221;default&#8221; text_text_color=&#8221;#FFFFFF&#8221; text_font_size=&#8221;16px&#8221; text_line_height=&#8221;29px&#8221; header_2_font=&#8221;|600||on|||||&#8221; header_2_text_color=&#8221;#FFFFFF&#8221; header_2_font_size=&#8221;15px&#8221; header_2_line_height=&#8221;1.4em&#8221; background_layout=&#8221;dark&#8221; custom_margin=&#8221;||0px||false|false&#8221; custom_padding=&#8221;|20px|0px|20px|false|true&#8221; custom_padding_tablet=&#8221;|20px|0px|20px|false|true&#8221; custom_padding_phone=&#8221;|20px|30px|20px|false|true&#8221; custom_padding_last_edited=&#8221;on|phone&#8221; link_option_url=&#8221;https:\/\/www.lga-guinee.com\/&#8221; link_option_url_new_window=&#8221;on&#8221; global_colors_info=&#8221;{}&#8221;]<\/p>\n<h2>Laboratoire M\u00e9dical <br \/>Guin\u00e9o \u2013 Allemand<\/h2>\n<p>Pour plus d\u00b4informations, cliquer ici:<br \/>www.lga-guinee.com<\/p>\n<p>[\/et_pb_text][\/et_pb_column][et_pb_column type=&#8221;1_4&#8243; _builder_version=&#8221;4.17.4&#8243; _module_preset=&#8221;default&#8221; background_color=&#8221;#66B3DE&#8221; global_colors_info=&#8221;{}&#8221;][et_pb_image src=&#8221;https:\/\/www.daslabor.com\/wp-content\/uploads\/2022\/08\/produktion_web.jpg&#8221; title_text=&#8221;produktion_web&#8221; url=&#8221;\/production\/tests-rapides\/&#8221; force_fullwidth=&#8221;on&#8221; _builder_version=&#8221;4.18.0&#8243; _module_preset=&#8221;default&#8221; global_colors_info=&#8221;{}&#8221;][\/et_pb_image][et_pb_text _builder_version=&#8221;4.17.4&#8243; _module_preset=&#8221;default&#8221; header_2_font=&#8221;|600||on|||||&#8221; header_2_text_color=&#8221;#FFFFFF&#8221; header_2_font_size=&#8221;15px&#8221; header_2_line_height=&#8221;1.4em&#8221; custom_margin=&#8221;||0px||false|false&#8221; custom_padding=&#8221;|20px|0px|20px|false|true&#8221; link_option_url=&#8221;\/production\/tests-rapides\/&#8221; global_colors_info=&#8221;{}&#8221;]<\/p>\n<h2>Production<\/h2>\n<p>[\/et_pb_text][et_pb_menu menu_id=&#8221;36&#8243; submenu_direction=&#8221;upwards&#8221; active_link_color=&#8221;#FFFFFF&#8221; cart_icon_color=&#8221;#465E94&#8243; search_icon_color=&#8221;#465E94&#8243; module_class=&#8221;vertical lwp-hide-mobile-menu&#8221; _builder_version=&#8221;4.18.0&#8243; _module_preset=&#8221;default&#8221; menu_text_color=&#8221;#FFFFFF&#8221; menu_font_size=&#8221;16px&#8221; background_color=&#8221;RGBA(255,255,255,0)&#8221; custom_padding=&#8221;0px|20px|0px|20px|false|true&#8221; db_link_spacing=&#8221;0px&#8221; global_colors_info=&#8221;{}&#8221;][\/et_pb_menu][\/et_pb_column][\/et_pb_row][\/et_pb_section]<\/p>\n","protected":false},"excerpt":{"rendered":"<p>Bienvenue chez Das Labor. Das Labor. GmbH est une soci\u00e9t\u00e9 allemande dont la mission est de cr\u00e9er et de faire fonctionner des laboratoires d\u2019analyses m\u00e9dicales de qualit\u00e9 pour offrir des services de diagnostic en Afrique subsaharienne. Une autre activit\u00e9 est la production de tests rapides m\u00e9dicaux. L\u2019unit\u00e9 de production est install\u00e9e \u00e0 Abidjan. Veuillez choisir [&hellip;]<\/p>\n","protected":false},"author":1,"featured_media":0,"parent":0,"menu_order":-10,"comment_status":"closed","ping_status":"closed","template":"","meta":{"_acf_changed":false,"_et_pb_use_builder":"on","_et_pb_old_content":"<p>[et_pb_section fb_built=\"1\" _builder_version=\"4.5.1\" background_enable_image=\"off\" background_video_mp4=\"http:\/\/daslabor.artivista.de\/wp-content\/uploads\/2020\/08\/MikroHellKurz.mov\" min_height=\"528px\" collapsed=\"on\"][et_pb_row _builder_version=\"4.5.1\" _module_preset=\"default\" min_height=\"153px\"][et_pb_column type=\"4_4\" _builder_version=\"4.5.1\" _module_preset=\"default\"][et_pb_image src=\"http:\/\/daslabor.artivista.de\/wp-content\/uploads\/2020\/06\/BMWi_Mittelstand_Global_Health_made_in_Germany_CMYK_Schutzraum.png\" title_text=\"BMWi_Mittelstand_Global_Health_made_in_Germany_CMYK_Schutzraum\" _builder_version=\"4.5.1\" _module_preset=\"default\" min_height=\"100px\" custom_padding=\"||5px|||\"][\/et_pb_image][\/et_pb_column][\/et_pb_row][\/et_pb_section]<\/p>","_et_gb_content_width":"","footnotes":""},"class_list":["post-1539","page","type-page","status-publish","hentry"],"acf":[],"yoast_head":"<!-- This site is optimized with the Yoast SEO plugin v27.4 - https:\/\/yoast.com\/product\/yoast-seo-wordpress\/ -->\n<title>Startseite - Das Labor<\/title>\n<meta name=\"robots\" content=\"index, follow, max-snippet:-1, max-image-preview:large, max-video-preview:-1\" \/>\n<link rel=\"canonical\" href=\"https:\/\/www.daslabor.com\/en\/\" \/>\n<meta property=\"og:locale\" content=\"en_US\" \/>\n<meta property=\"og:type\" content=\"article\" \/>\n<meta property=\"og:title\" content=\"Startseite - Das Labor\" \/>\n<meta property=\"og:description\" content=\"Bienvenue chez Das Labor. Das Labor. GmbH est une soci\u00e9t\u00e9 allemande dont la mission est de cr\u00e9er et de faire fonctionner des laboratoires d\u2019analyses m\u00e9dicales de qualit\u00e9 pour offrir des services de diagnostic en Afrique subsaharienne. Une autre activit\u00e9 est la production de tests rapides m\u00e9dicaux. L\u2019unit\u00e9 de production est install\u00e9e \u00e0 Abidjan. Veuillez choisir [&hellip;]\" \/>\n<meta property=\"og:url\" content=\"https:\/\/www.daslabor.com\/en\/\" \/>\n<meta property=\"og:site_name\" content=\"Das Labor\" \/>\n<meta property=\"article:modified_time\" content=\"2025-03-04T10:17:32+00:00\" \/>\n<meta name=\"twitter:card\" content=\"summary_large_image\" \/>\n<meta name=\"twitter:label1\" content=\"Est. reading time\" \/>\n\t<meta name=\"twitter:data1\" content=\"2 minutes\" \/>\n<script type=\"application\/ld+json\" class=\"yoast-schema-graph\">{\"@context\":\"https:\\\/\\\/schema.org\",\"@graph\":[{\"@type\":\"WebPage\",\"@id\":\"https:\\\/\\\/www.daslabor.com\\\/en\\\/\",\"url\":\"https:\\\/\\\/www.daslabor.com\\\/en\\\/\",\"name\":\"Startseite - Das Labor\",\"isPartOf\":{\"@id\":\"https:\\\/\\\/www.daslabor.com\\\/en\\\/#website\"},\"datePublished\":\"2020-06-10T09:54:52+00:00\",\"dateModified\":\"2025-03-04T10:17:32+00:00\",\"breadcrumb\":{\"@id\":\"https:\\\/\\\/www.daslabor.com\\\/en\\\/#breadcrumb\"},\"inLanguage\":\"en-US\",\"potentialAction\":[{\"@type\":\"ReadAction\",\"target\":[\"https:\\\/\\\/www.daslabor.com\\\/en\\\/\"]}]},{\"@type\":\"BreadcrumbList\",\"@id\":\"https:\\\/\\\/www.daslabor.com\\\/en\\\/#breadcrumb\",\"itemListElement\":[{\"@type\":\"ListItem\",\"position\":1,\"name\":\"Startseite\",\"item\":\"https:\\\/\\\/www.daslabor.com\\\/en\\\/\"},{\"@type\":\"ListItem\",\"position\":2,\"name\":\"Startseite\"}]},{\"@type\":\"WebSite\",\"@id\":\"https:\\\/\\\/www.daslabor.com\\\/en\\\/#website\",\"url\":\"https:\\\/\\\/www.daslabor.com\\\/en\\\/\",\"name\":\"Das Labor\",\"description\":\"\",\"potentialAction\":[{\"@type\":\"SearchAction\",\"target\":{\"@type\":\"EntryPoint\",\"urlTemplate\":\"https:\\\/\\\/www.daslabor.com\\\/en\\\/?s={search_term_string}\"},\"query-input\":{\"@type\":\"PropertyValueSpecification\",\"valueRequired\":true,\"valueName\":\"search_term_string\"}}],\"inLanguage\":\"en-US\"}]}<\/script>\n<!-- \/ Yoast SEO plugin. -->","yoast_head_json":{"title":"Startseite - Das Labor","robots":{"index":"index","follow":"follow","max-snippet":"max-snippet:-1","max-image-preview":"max-image-preview:large","max-video-preview":"max-video-preview:-1"},"canonical":"https:\/\/www.daslabor.com\/en\/","og_locale":"en_US","og_type":"article","og_title":"Startseite - Das Labor","og_description":"Bienvenue chez Das Labor. Das Labor. GmbH est une soci\u00e9t\u00e9 allemande dont la mission est de cr\u00e9er et de faire fonctionner des laboratoires d\u2019analyses m\u00e9dicales de qualit\u00e9 pour offrir des services de diagnostic en Afrique subsaharienne. Une autre activit\u00e9 est la production de tests rapides m\u00e9dicaux. L\u2019unit\u00e9 de production est install\u00e9e \u00e0 Abidjan. Veuillez choisir [&hellip;]","og_url":"https:\/\/www.daslabor.com\/en\/","og_site_name":"Das Labor","article_modified_time":"2025-03-04T10:17:32+00:00","twitter_card":"summary_large_image","twitter_misc":{"Est. reading time":"2 minutes"},"schema":{"@context":"https:\/\/schema.org","@graph":[{"@type":"WebPage","@id":"https:\/\/www.daslabor.com\/en\/","url":"https:\/\/www.daslabor.com\/en\/","name":"Startseite - Das Labor","isPartOf":{"@id":"https:\/\/www.daslabor.com\/en\/#website"},"datePublished":"2020-06-10T09:54:52+00:00","dateModified":"2025-03-04T10:17:32+00:00","breadcrumb":{"@id":"https:\/\/www.daslabor.com\/en\/#breadcrumb"},"inLanguage":"en-US","potentialAction":[{"@type":"ReadAction","target":["https:\/\/www.daslabor.com\/en\/"]}]},{"@type":"BreadcrumbList","@id":"https:\/\/www.daslabor.com\/en\/#breadcrumb","itemListElement":[{"@type":"ListItem","position":1,"name":"Startseite","item":"https:\/\/www.daslabor.com\/en\/"},{"@type":"ListItem","position":2,"name":"Startseite"}]},{"@type":"WebSite","@id":"https:\/\/www.daslabor.com\/en\/#website","url":"https:\/\/www.daslabor.com\/en\/","name":"Das Labor","description":"","potentialAction":[{"@type":"SearchAction","target":{"@type":"EntryPoint","urlTemplate":"https:\/\/www.daslabor.com\/en\/?s={search_term_string}"},"query-input":{"@type":"PropertyValueSpecification","valueRequired":true,"valueName":"search_term_string"}}],"inLanguage":"en-US"}]}},"_links":{"self":[{"href":"https:\/\/www.daslabor.com\/en\/wp-json\/wp\/v2\/pages\/1539","targetHints":{"allow":["GET"]}}],"collection":[{"href":"https:\/\/www.daslabor.com\/en\/wp-json\/wp\/v2\/pages"}],"about":[{"href":"https:\/\/www.daslabor.com\/en\/wp-json\/wp\/v2\/types\/page"}],"author":[{"embeddable":true,"href":"https:\/\/www.daslabor.com\/en\/wp-json\/wp\/v2\/users\/1"}],"replies":[{"embeddable":true,"href":"https:\/\/www.daslabor.com\/en\/wp-json\/wp\/v2\/comments?post=1539"}],"version-history":[{"count":33,"href":"https:\/\/www.daslabor.com\/en\/wp-json\/wp\/v2\/pages\/1539\/revisions"}],"predecessor-version":[{"id":11689,"href":"https:\/\/www.daslabor.com\/en\/wp-json\/wp\/v2\/pages\/1539\/revisions\/11689"}],"wp:attachment":[{"href":"https:\/\/www.daslabor.com\/en\/wp-json\/wp\/v2\/media?parent=1539"}],"curies":[{"name":"wp","href":"https:\/\/api.w.org\/{rel}","templated":true}]}}