{"id":2556,"date":"2021-09-15T12:47:21","date_gmt":"2021-09-15T10:47:21","guid":{"rendered":"https:\/\/www.daslabor.com\/?page_id=2556"},"modified":"2023-01-18T12:28:01","modified_gmt":"2023-01-18T11:28:01","slug":"production","status":"publish","type":"page","link":"https:\/\/www.daslabor.com\/en\/production\/","title":{"rendered":"Production"},"content":{"rendered":"<p>[et_pb_section fb_built=&#8221;1&#8243; _builder_version=&#8221;4.6.2&#8243; background_image=&#8221;https:\/\/www.daslabor.com\/wp-content\/uploads\/2020\/08\/Head_Test4.jpg&#8221; background_size=&#8221;contain&#8221; background_position=&#8221;bottom_center&#8221; custom_padding=&#8221;26px||62px|||&#8221; background_last_edited=&#8221;on|phone&#8221; background_image_phone=&#8221;https:\/\/www.daslabor.com\/wp-content\/uploads\/2020\/09\/Head_Test4_mobile.jpg&#8221; background_enable_image_phone=&#8221;on&#8221; background_size_phone=&#8221;contain&#8221; locked=&#8221;off&#8221; global_colors_info=&#8221;{}&#8221; title_text_phone=&#8221;Head_Test4_mobile&#8221;][et_pb_row column_structure=&#8221;1_2,1_2&#8243; use_custom_gutter=&#8221;on&#8221; gutter_width=&#8221;4&#8243; custom_padding_last_edited=&#8221;on|phone&#8221; _builder_version=&#8221;4.6.1&#8243; custom_margin_tablet=&#8221;&#8221; custom_margin_phone=&#8221;&#8221; custom_margin_last_edited=&#8221;on|phone&#8221; custom_padding=&#8221;26px||230px|||&#8221; custom_padding_tablet=&#8221;&#8221; custom_padding_phone=&#8221;0px||0px||false|false&#8221; global_colors_info=&#8221;{}&#8221;][et_pb_column type=&#8221;1_2&#8243; _builder_version=&#8221;4.6.1&#8243; background_color=&#8221;rgba(70,94,148,0.8)&#8221; custom_padding=&#8221;15px|20px|15px|20px|true|false&#8221; custom_css_main_element=&#8221;border-left: 10px solid rgba(102,179,222,0.8);&#8221; global_colors_info=&#8221;{}&#8221;][et_pb_text _builder_version=&#8221;4.5.1&#8243; text_font=&#8221;|||on|||||&#8221; text_text_color=&#8221;#ffffff&#8221; header_2_font=&#8221;|600||on|||||&#8221; header_2_text_color=&#8221;#ffffff&#8221; header_2_font_size=&#8221;38px&#8221; global_colors_info=&#8221;{}&#8221;]<\/p>\n<h2>Production<\/h2>\n<p>des tests rapides<\/p>\n<p>[\/et_pb_text][\/et_pb_column][et_pb_column type=&#8221;1_2&#8243; _builder_version=&#8221;4.6.1&#8243; background_enable_color=&#8221;off&#8221; custom_padding=&#8221;15px|20px|15px|20px|true|false&#8221; global_colors_info=&#8221;{}&#8221;][\/et_pb_column][\/et_pb_row][\/et_pb_section][et_pb_section fb_built=&#8221;1&#8243; _builder_version=&#8221;4.4.8&#8243; background_color=&#8221;#f2f2f2&#8243; custom_padding=&#8221;||100px|||&#8221; global_colors_info=&#8221;{}&#8221;][et_pb_row column_structure=&#8221;1_2,1_2&#8243; use_custom_gutter=&#8221;on&#8221; gutter_width=&#8221;1&#8243; make_equal=&#8221;on&#8221; _builder_version=&#8221;4.6.2&#8243; _module_preset=&#8221;default&#8221; background_color=&#8221;#ffffff&#8221; custom_margin=&#8221;30px||||false|false&#8221; custom_margin_tablet=&#8221;&#8221; custom_margin_phone=&#8221;0px||||false|false&#8221; custom_margin_last_edited=&#8221;on|phone&#8221; custom_padding=&#8221;0px||0px||true|true&#8221; locked=&#8221;off&#8221; global_colors_info=&#8221;{}&#8221;][et_pb_column type=&#8221;1_2&#8243; _builder_version=&#8221;4.5.6&#8243; _module_preset=&#8221;default&#8221; custom_padding=&#8221;||50px||false|false&#8221; global_colors_info=&#8221;{}&#8221;][et_pb_text _builder_version=&#8221;4.10.7&#8243; width=&#8221;100%&#8221; width_tablet=&#8221;&#8221; width_phone=&#8221;100%&#8221; width_last_edited=&#8221;on|desktop&#8221; custom_padding=&#8221;50px|50px|50px|50px|true|true&#8221; custom_padding_tablet=&#8221;&#8221; custom_padding_phone=&#8221;30px|30px|30px|30px|true|true&#8221; custom_padding_last_edited=&#8221;on|phone&#8221; hover_enabled=&#8221;0&#8243; locked=&#8221;off&#8221; global_colors_info=&#8221;{}&#8221; sticky_enabled=&#8221;0&#8243;]<strong>Tests m\u00e9dicaux rapides &#8211; Qualit\u00e9 allemande fabriqu\u00e9e en C\u00f4te d&#8217;Ivoire<br \/>\n<\/strong><\/p>\n<p>Das Labor. offre la production de tests rapides comme compl\u00e9ment au diagnostique des maladies. Ainsi, m\u00eame avant des tests plus compliqu\u00e9s qui ne sont possibles qu&#8217;en laboratoire, des maladies peuvent \u00eatre diagnostiqu\u00e9es ou exclues.<\/p>\n<p>Notre unit\u00e9 de production est situ\u00e9e \u00e0 Grand-Bassam. Elle est d\u00e9velopp\u00e9e, test\u00e9e et install\u00e9e par des ing\u00e9nieurs en Allemagne et permet ainsi de produire en C\u00f4te d&#8217;Ivoire selon des normes de qualit\u00e9 allemandes.<\/p>\n<p>La gestion de la qualit\u00e9 du d\u00e9veloppement et de la fabrication de nos tests sont certifi\u00e9es selon la norme ISO\u00a013485.<\/p>\n<p>Nos tests rapides sont autoris\u00e9s \u00e0 porter le label\u00a0 <img loading=\"lazy\" decoding=\"async\" src=\"https:\/\/www.daslabor.com\/wp-content\/uploads\/2020\/08\/logo_CE_s.png\" alt=\"\" class=\"wp-image-1204 alignnone size-full\" width=\"30\" height=\"21\" srcset=\"https:\/\/www.daslabor.com\/wp-content\/uploads\/2020\/08\/logo_CE_s.png 30w, https:\/\/www.daslabor.com\/wp-content\/uploads\/2020\/08\/logo_CE_s-24x17.png 24w\" sizes=\"(max-width: 30px) 100vw, 30px\" \/><br \/>\net sont valid\u00e9s et approuv\u00e9s en Allemagne et en C\u00f4te d&#8217;Ivoire.[\/et_pb_text][et_pb_button button_url=&#8221;mailto:test@daslabor.com&#8221; button_text=&#8221;Nous contacter &#8221; button_alignment=&#8221;center&#8221; _builder_version=&#8221;4.7.7&#8243; _module_preset=&#8221;default&#8221; custom_button=&#8221;on&#8221; button_text_size=&#8221;19px&#8221; button_text_color=&#8221;#ffffff&#8221; button_bg_color=&#8221;#465e94&#8243; button_border_width=&#8221;0px&#8221; button_border_radius=&#8221;0px&#8221; button_icon=&#8221;%%238%%&#8221; button_on_hover=&#8221;off&#8221; custom_padding=&#8221;|45px||22px|false|false&#8221; locked=&#8221;off&#8221; global_colors_info=&#8221;{}&#8221;][\/et_pb_button][\/et_pb_column][et_pb_column type=&#8221;1_2&#8243; _builder_version=&#8221;4.5.7&#8243; _module_preset=&#8221;default&#8221; background_image=&#8221;https:\/\/www.daslabor.com\/wp-content\/uploads\/2020\/08\/boxen.jpg&#8221; global_colors_info=&#8221;{}&#8221;][et_pb_image src=&#8221;https:\/\/www.daslabor.com\/wp-content\/uploads\/2020\/08\/boxen.jpg&#8221; title_text=&#8221;boxen&#8221; disabled_on=&#8221;off|on|on&#8221; _builder_version=&#8221;4.6.2&#8243; _module_preset=&#8221;default&#8221; global_colors_info=&#8221;{}&#8221;][\/et_pb_image][\/et_pb_column][\/et_pb_row][\/et_pb_section]<\/p>\n","protected":false},"excerpt":{"rendered":"<p>Production des tests rapidesTests m\u00e9dicaux rapides &#8211; Qualit\u00e9 allemande fabriqu\u00e9e en C\u00f4te d&#8217;Ivoire Das Labor. offre la production de tests rapides comme compl\u00e9ment au diagnostique des maladies. Ainsi, m\u00eame avant des tests plus compliqu\u00e9s qui ne sont possibles qu&#8217;en laboratoire, des maladies peuvent \u00eatre diagnostiqu\u00e9es ou exclues. Notre unit\u00e9 de production est situ\u00e9e \u00e0 Grand-Bassam. [&hellip;]<\/p>\n","protected":false},"author":1,"featured_media":0,"parent":0,"menu_order":0,"comment_status":"closed","ping_status":"closed","template":"","meta":{"_acf_changed":false,"_et_pb_use_builder":"on","_et_pb_old_content":"<!-- wp:paragraph -->\r\n<p>Dies ist eine Beispiel-Seite. Sie unterscheidet sich von Beitr\u00e4gen, da sie stets an derselben Stelle bleibt und (bei den meisten Themes) in der Website-Navigation angezeigt wird. Die meisten starten mit einem Impressum, der Datenschutzerkl\u00e4rung oder einer \u201e\u00dcber\u00a0uns\u201c-Seite, um sich potenziellen Besuchern der Website vorzustellen. Dort k\u00f6nnte zum Beispiel stehen:<\/p>\r\n<!-- \/wp:paragraph --><!-- wp:quote -->\r\n<blockquote class=\"wp-block-quote\">\r\n<p>Hallo! Tags\u00fcber arbeite ich als Fahrradkurier, nachts bin ich ein aufstrebender Schauspieler und dies hier ist meine Website. Ich lebe in Berlin, habe einen gro\u00dfen Hund namens Jack, mag Pi\u00f1a Coladas, jedoch weniger (ohne Schirm) im Regen stehen gelassen zu werden.<\/p>\r\n<\/blockquote>\r\n<!-- \/wp:quote --><!-- wp:paragraph -->\r\n<p>...oder so etwas wie das hier:<\/p>\r\n<!-- \/wp:paragraph --><!-- wp:quote -->\r\n<blockquote class=\"wp-block-quote\">\r\n<p>Das Unternehmen XYZ wurde 1971 gegr\u00fcndet und versorgt die \u00d6ffentlichkeit seither mit qualitativ hochwertigen Produkten. An seinem Standort in einer kleinen Gro\u00dfstadt besch\u00e4ftigt der Betrieb \u00fcber 2.000 Menschen und unterst\u00fctzt die Stadtbewohner in vielfacher Hinsicht.<\/p>\r\n<\/blockquote>\r\n<!-- \/wp:quote --><!-- wp:paragraph -->\r\n<p>Als neuer WordPress-Benutzer solltest du <a href=\"http:\/\/daslabor.artivista.de\/wp-admin\/\">dein Dashboard<\/a> aufrufen, um diese Seite zu l\u00f6schen und neue Seiten und Beitr\u00e4ge f\u00fcr deine Website erstellen. Viel Spa\u00df!<\/p>\r\n<!-- \/wp:paragraph -->","_et_gb_content_width":"","footnotes":""},"class_list":["post-2556","page","type-page","status-publish","hentry"],"acf":[],"yoast_head":"<!-- This site is optimized with the Yoast SEO plugin v27.4 - https:\/\/yoast.com\/product\/yoast-seo-wordpress\/ -->\n<title>Production - Das Labor<\/title>\n<meta name=\"robots\" content=\"index, follow, max-snippet:-1, max-image-preview:large, max-video-preview:-1\" \/>\n<link rel=\"canonical\" href=\"https:\/\/www.daslabor.com\/en\/production\/\" \/>\n<meta property=\"og:locale\" content=\"en_US\" \/>\n<meta property=\"og:type\" content=\"article\" \/>\n<meta property=\"og:title\" content=\"Production - Das Labor\" \/>\n<meta property=\"og:description\" content=\"Production des tests rapidesTests m\u00e9dicaux rapides - Qualit\u00e9 allemande fabriqu\u00e9e en C\u00f4te d&#039;Ivoire Das Labor. offre la production de tests rapides comme compl\u00e9ment au diagnostique des maladies. Ainsi, m\u00eame avant des tests plus compliqu\u00e9s qui ne sont possibles qu&#039;en laboratoire, des maladies peuvent \u00eatre diagnostiqu\u00e9es ou exclues. Notre unit\u00e9 de production est situ\u00e9e \u00e0 Grand-Bassam. [&hellip;]\" \/>\n<meta property=\"og:url\" content=\"https:\/\/www.daslabor.com\/en\/production\/\" \/>\n<meta property=\"og:site_name\" content=\"Das Labor\" \/>\n<meta property=\"article:modified_time\" content=\"2023-01-18T11:28:01+00:00\" \/>\n<meta property=\"og:image\" content=\"https:\/\/www.daslabor.com\/wp-content\/uploads\/2020\/08\/logo_CE_s.png\" \/>\n<meta name=\"twitter:card\" content=\"summary_large_image\" \/>\n<meta name=\"twitter:label1\" content=\"Est. reading time\" \/>\n\t<meta name=\"twitter:data1\" content=\"3 minutes\" \/>\n<script type=\"application\/ld+json\" class=\"yoast-schema-graph\">{\"@context\":\"https:\\\/\\\/schema.org\",\"@graph\":[{\"@type\":\"WebPage\",\"@id\":\"https:\\\/\\\/www.daslabor.com\\\/en\\\/production\\\/\",\"url\":\"https:\\\/\\\/www.daslabor.com\\\/en\\\/production\\\/\",\"name\":\"Production - Das Labor\",\"isPartOf\":{\"@id\":\"https:\\\/\\\/www.daslabor.com\\\/en\\\/#website\"},\"primaryImageOfPage\":{\"@id\":\"https:\\\/\\\/www.daslabor.com\\\/en\\\/production\\\/#primaryimage\"},\"image\":{\"@id\":\"https:\\\/\\\/www.daslabor.com\\\/en\\\/production\\\/#primaryimage\"},\"thumbnailUrl\":\"https:\\\/\\\/www.daslabor.com\\\/wp-content\\\/uploads\\\/2020\\\/08\\\/logo_CE_s.png\",\"datePublished\":\"2021-09-15T10:47:21+00:00\",\"dateModified\":\"2023-01-18T11:28:01+00:00\",\"breadcrumb\":{\"@id\":\"https:\\\/\\\/www.daslabor.com\\\/en\\\/production\\\/#breadcrumb\"},\"inLanguage\":\"en-US\",\"potentialAction\":[{\"@type\":\"ReadAction\",\"target\":[\"https:\\\/\\\/www.daslabor.com\\\/en\\\/production\\\/\"]}]},{\"@type\":\"ImageObject\",\"inLanguage\":\"en-US\",\"@id\":\"https:\\\/\\\/www.daslabor.com\\\/en\\\/production\\\/#primaryimage\",\"url\":\"https:\\\/\\\/www.daslabor.com\\\/wp-content\\\/uploads\\\/2020\\\/08\\\/logo_CE_s.png\",\"contentUrl\":\"https:\\\/\\\/www.daslabor.com\\\/wp-content\\\/uploads\\\/2020\\\/08\\\/logo_CE_s.png\"},{\"@type\":\"BreadcrumbList\",\"@id\":\"https:\\\/\\\/www.daslabor.com\\\/en\\\/production\\\/#breadcrumb\",\"itemListElement\":[{\"@type\":\"ListItem\",\"position\":1,\"name\":\"Startseite\",\"item\":\"https:\\\/\\\/www.daslabor.com\\\/en\\\/\"},{\"@type\":\"ListItem\",\"position\":2,\"name\":\"Production\"}]},{\"@type\":\"WebSite\",\"@id\":\"https:\\\/\\\/www.daslabor.com\\\/en\\\/#website\",\"url\":\"https:\\\/\\\/www.daslabor.com\\\/en\\\/\",\"name\":\"Das Labor\",\"description\":\"\",\"potentialAction\":[{\"@type\":\"SearchAction\",\"target\":{\"@type\":\"EntryPoint\",\"urlTemplate\":\"https:\\\/\\\/www.daslabor.com\\\/en\\\/?s={search_term_string}\"},\"query-input\":{\"@type\":\"PropertyValueSpecification\",\"valueRequired\":true,\"valueName\":\"search_term_string\"}}],\"inLanguage\":\"en-US\"}]}<\/script>\n<!-- \/ Yoast SEO plugin. -->","yoast_head_json":{"title":"Production - Das Labor","robots":{"index":"index","follow":"follow","max-snippet":"max-snippet:-1","max-image-preview":"max-image-preview:large","max-video-preview":"max-video-preview:-1"},"canonical":"https:\/\/www.daslabor.com\/en\/production\/","og_locale":"en_US","og_type":"article","og_title":"Production - Das Labor","og_description":"Production des tests rapidesTests m\u00e9dicaux rapides - Qualit\u00e9 allemande fabriqu\u00e9e en C\u00f4te d'Ivoire Das Labor. offre la production de tests rapides comme compl\u00e9ment au diagnostique des maladies. Ainsi, m\u00eame avant des tests plus compliqu\u00e9s qui ne sont possibles qu'en laboratoire, des maladies peuvent \u00eatre diagnostiqu\u00e9es ou exclues. Notre unit\u00e9 de production est situ\u00e9e \u00e0 Grand-Bassam. [&hellip;]","og_url":"https:\/\/www.daslabor.com\/en\/production\/","og_site_name":"Das Labor","article_modified_time":"2023-01-18T11:28:01+00:00","og_image":[{"url":"https:\/\/www.daslabor.com\/wp-content\/uploads\/2020\/08\/logo_CE_s.png","type":"","width":"","height":""}],"twitter_card":"summary_large_image","twitter_misc":{"Est. reading time":"3 minutes"},"schema":{"@context":"https:\/\/schema.org","@graph":[{"@type":"WebPage","@id":"https:\/\/www.daslabor.com\/en\/production\/","url":"https:\/\/www.daslabor.com\/en\/production\/","name":"Production - Das Labor","isPartOf":{"@id":"https:\/\/www.daslabor.com\/en\/#website"},"primaryImageOfPage":{"@id":"https:\/\/www.daslabor.com\/en\/production\/#primaryimage"},"image":{"@id":"https:\/\/www.daslabor.com\/en\/production\/#primaryimage"},"thumbnailUrl":"https:\/\/www.daslabor.com\/wp-content\/uploads\/2020\/08\/logo_CE_s.png","datePublished":"2021-09-15T10:47:21+00:00","dateModified":"2023-01-18T11:28:01+00:00","breadcrumb":{"@id":"https:\/\/www.daslabor.com\/en\/production\/#breadcrumb"},"inLanguage":"en-US","potentialAction":[{"@type":"ReadAction","target":["https:\/\/www.daslabor.com\/en\/production\/"]}]},{"@type":"ImageObject","inLanguage":"en-US","@id":"https:\/\/www.daslabor.com\/en\/production\/#primaryimage","url":"https:\/\/www.daslabor.com\/wp-content\/uploads\/2020\/08\/logo_CE_s.png","contentUrl":"https:\/\/www.daslabor.com\/wp-content\/uploads\/2020\/08\/logo_CE_s.png"},{"@type":"BreadcrumbList","@id":"https:\/\/www.daslabor.com\/en\/production\/#breadcrumb","itemListElement":[{"@type":"ListItem","position":1,"name":"Startseite","item":"https:\/\/www.daslabor.com\/en\/"},{"@type":"ListItem","position":2,"name":"Production"}]},{"@type":"WebSite","@id":"https:\/\/www.daslabor.com\/en\/#website","url":"https:\/\/www.daslabor.com\/en\/","name":"Das Labor","description":"","potentialAction":[{"@type":"SearchAction","target":{"@type":"EntryPoint","urlTemplate":"https:\/\/www.daslabor.com\/en\/?s={search_term_string}"},"query-input":{"@type":"PropertyValueSpecification","valueRequired":true,"valueName":"search_term_string"}}],"inLanguage":"en-US"}]}},"_links":{"self":[{"href":"https:\/\/www.daslabor.com\/en\/wp-json\/wp\/v2\/pages\/2556","targetHints":{"allow":["GET"]}}],"collection":[{"href":"https:\/\/www.daslabor.com\/en\/wp-json\/wp\/v2\/pages"}],"about":[{"href":"https:\/\/www.daslabor.com\/en\/wp-json\/wp\/v2\/types\/page"}],"author":[{"embeddable":true,"href":"https:\/\/www.daslabor.com\/en\/wp-json\/wp\/v2\/users\/1"}],"replies":[{"embeddable":true,"href":"https:\/\/www.daslabor.com\/en\/wp-json\/wp\/v2\/comments?post=2556"}],"version-history":[{"count":2,"href":"https:\/\/www.daslabor.com\/en\/wp-json\/wp\/v2\/pages\/2556\/revisions"}],"predecessor-version":[{"id":10778,"href":"https:\/\/www.daslabor.com\/en\/wp-json\/wp\/v2\/pages\/2556\/revisions\/10778"}],"wp:attachment":[{"href":"https:\/\/www.daslabor.com\/en\/wp-json\/wp\/v2\/media?parent=2556"}],"curies":[{"name":"wp","href":"https:\/\/api.w.org\/{rel}","templated":true}]}}