{"id":2562,"date":"2021-09-15T12:51:11","date_gmt":"2021-09-15T10:51:11","guid":{"rendered":"https:\/\/www.daslabor.com\/?page_id=2562"},"modified":"2024-11-11T15:00:53","modified_gmt":"2024-11-11T14:00:53","slug":"portfolio","status":"publish","type":"page","link":"https:\/\/www.daslabor.com\/en\/production\/portfolio\/","title":{"rendered":"Portfolio"},"content":{"rendered":"<p>[et_pb_section fb_built=&#8221;1&#8243; admin_label=&#8221;Section&#8221; _builder_version=&#8221;4.17.4&#8243; background_color=&#8221;#FFFFFF&#8221; background_image=&#8221;https:\/\/www.daslabor.com\/wp-content\/uploads\/2022\/06\/boxen2.jpg&#8221; background_position=&#8221;center_right&#8221; background_repeat=&#8221;repeat&#8221; width=&#8221;100%&#8221; custom_padding=&#8221;0px||0px||false|false&#8221; da_disable_devices=&#8221;off|off|off&#8221; locked=&#8221;off&#8221; global_colors_info=&#8221;{}&#8221; da_is_popup=&#8221;off&#8221; da_exit_intent=&#8221;off&#8221; da_has_close=&#8221;on&#8221; da_alt_close=&#8221;off&#8221; da_dark_close=&#8221;off&#8221; da_not_modal=&#8221;on&#8221; da_is_singular=&#8221;off&#8221; da_with_loader=&#8221;off&#8221; da_has_shadow=&#8221;on&#8221;][et_pb_row column_structure=&#8221;1_4,3_4&#8243; use_custom_gutter=&#8221;on&#8221; gutter_width=&#8221;1&#8243; make_equal=&#8221;on&#8221; _builder_version=&#8221;4.17.4&#8243; custom_padding=&#8221;50px||50px||false|false&#8221; global_colors_info=&#8221;{}&#8221;][et_pb_column type=&#8221;1_4&#8243; _builder_version=&#8221;4.17.4&#8243; _module_preset=&#8221;default&#8221; global_colors_info=&#8221;{}&#8221;][et_pb_image src=&#8221;https:\/\/www.daslabor.com\/wp-content\/uploads\/2022\/08\/produktion_web_head.jpg&#8221; title_text=&#8221;produktion_web_head&#8221; _builder_version=&#8221;4.17.4&#8243; _module_preset=&#8221;default&#8221; global_colors_info=&#8221;{}&#8221;][\/et_pb_image][\/et_pb_column][et_pb_column type=&#8221;3_4&#8243; _builder_version=&#8221;4.16&#8243; background_color=&#8221;rgba(70,94,148,0.8)&#8221; custom_padding=&#8221;15px|20px|15px|20px|true|false&#8221; custom_css_main_element=&#8221;border-left: 10px solid rgba(102,179,222,0.8);&#8221; global_colors_info=&#8221;{}&#8221;][et_pb_text _builder_version=&#8221;4.17.4&#8243; text_font=&#8221;|||on|||||&#8221; text_text_color=&#8221;#ffffff&#8221; header_font=&#8221;|600|||||||&#8221; header_text_color=&#8221;#FFFFFF&#8221; header_font_size=&#8221;28px&#8221; header_2_font=&#8221;|||on|||||&#8221; header_2_text_color=&#8221;#ffffff&#8221; header_2_font_size=&#8221;34px&#8221; header_2_line_height=&#8221;1.3em&#8221; custom_padding=&#8221;42px|||10px|false|false&#8221; global_colors_info=&#8221;{}&#8221;]<\/p>\n<h1>PRODUCTION<\/h1>\n<h2>rapid TESTS portfolio<\/h2>\n<p>[\/et_pb_text][\/et_pb_column][\/et_pb_row][\/et_pb_section][et_pb_section fb_built=&#8221;1&#8243; _builder_version=&#8221;4.16&#8243; background_color=&#8221;#f2f2f2&#8243; custom_padding=&#8221;||100px|||&#8221; da_disable_devices=&#8221;off|off|off&#8221; global_colors_info=&#8221;{}&#8221; da_is_popup=&#8221;off&#8221; da_exit_intent=&#8221;off&#8221; da_has_close=&#8221;on&#8221; da_alt_close=&#8221;off&#8221; da_dark_close=&#8221;off&#8221; da_not_modal=&#8221;on&#8221; da_is_singular=&#8221;off&#8221; da_with_loader=&#8221;off&#8221; da_has_shadow=&#8221;on&#8221;][et_pb_row column_structure=&#8221;3_5,2_5&#8243; use_custom_gutter=&#8221;on&#8221; gutter_width=&#8221;1&#8243; make_equal=&#8221;on&#8221; _builder_version=&#8221;4.16&#8243; _module_preset=&#8221;default&#8221; background_color=&#8221;#ffffff&#8221; background_enable_image=&#8221;off&#8221; background_size=&#8221;contain&#8221; background_position=&#8221;center_right&#8221; custom_margin=&#8221;30px||||false|false&#8221; custom_margin_tablet=&#8221;&#8221; custom_margin_phone=&#8221;0px||||false|false&#8221; custom_margin_last_edited=&#8221;on|phone&#8221; custom_padding=&#8221;0px||0px||true|true&#8221; locked=&#8221;off&#8221; global_colors_info=&#8221;{}&#8221;][et_pb_column type=&#8221;3_5&#8243; _builder_version=&#8221;4.16&#8243; _module_preset=&#8221;default&#8221; custom_padding=&#8221;||50px||false|false&#8221; global_colors_info=&#8221;{}&#8221;][et_pb_text _builder_version=&#8221;4.16&#8243; width=&#8221;100%&#8221; width_tablet=&#8221;&#8221; width_phone=&#8221;100%&#8221; width_last_edited=&#8221;on|desktop&#8221; custom_padding=&#8221;50px|50px|0px|50px|false|true&#8221; custom_padding_tablet=&#8221;&#8221; custom_padding_phone=&#8221;30px|30px|30px|30px|true|true&#8221; custom_padding_last_edited=&#8221;on|phone&#8221; locked=&#8221;off&#8221; global_colors_info=&#8221;{}&#8221;]<\/p>\n<p><span style=\"font-weight: 600;\"><\/span><\/p>\n<p><b><strong>SARS-CoV-2 Antigen<\/strong><\/b>, kit of 15 tests<\/p>\n<p><b><strong>SARS-CoV-2 IgG Antibody<\/strong><\/b>, kit of 15 tests<\/p>\n<p><strong>TOYO<\/strong><b>\u00ae HBsAg<\/b>, kit of 40 tests<\/p>\n<p><b>TOYO\u00ae Anti-HIV 1\/2 Test<\/b>, kit of 40 tests<\/p>\n<p>&nbsp;<\/p>\n<p><strong>Simple application, fast results<\/strong><\/p>\n<ul>\n<li>Test results available in just 10 minutes<\/li>\n<li>Our kits include all necessary sampling materials<\/li>\n<\/ul>\n<ul><\/ul>\n<p>[\/et_pb_text][\/et_pb_column][et_pb_column type=&#8221;2_5&#8243; _builder_version=&#8221;4.16&#8243; _module_preset=&#8221;default&#8221; background_enable_image=&#8221;off&#8221; global_colors_info=&#8221;{}&#8221;][et_pb_image src=&#8221;https:\/\/www.daslabor.com\/wp-content\/uploads\/2021\/09\/Das-Labor-Flyer-Test-02_final-4.jpg&#8221; title_text=&#8221;Das Labor Flyer Test 02_final-4&#8243; disabled_on=&#8221;off|off|off&#8221; _builder_version=&#8221;4.16&#8243; _module_preset=&#8221;default&#8221; width=&#8221;90%&#8221; module_alignment=&#8221;right&#8221; custom_padding=&#8221;25px||25px||true|false&#8221; global_colors_info=&#8221;{}&#8221;][\/et_pb_image][\/et_pb_column][\/et_pb_row][\/et_pb_section]<\/p>\n","protected":false},"excerpt":{"rendered":"<p>PRODUCTION rapid TESTS portfolio SARS-CoV-2 Antigen, kit of 15 tests SARS-CoV-2 IgG Antibody, kit of 15 tests TOYO\u00ae HBsAg, kit of 40 tests TOYO\u00ae Anti-HIV 1\/2 Test, kit of 40 tests &nbsp; Simple application, fast results Test results available in just 10 minutes Our kits include all necessary sampling materials<\/p>\n","protected":false},"author":1,"featured_media":0,"parent":2556,"menu_order":0,"comment_status":"closed","ping_status":"closed","template":"","meta":{"_acf_changed":false,"_et_pb_use_builder":"on","_et_pb_old_content":"<!-- wp:paragraph -->\r\n<p>Dies ist eine Beispiel-Seite. Sie unterscheidet sich von Beitr\u00e4gen, da sie stets an derselben Stelle bleibt und (bei den meisten Themes) in der Website-Navigation angezeigt wird. Die meisten starten mit einem Impressum, der Datenschutzerkl\u00e4rung oder einer \u201e\u00dcber\u00a0uns\u201c-Seite, um sich potenziellen Besuchern der Website vorzustellen. Dort k\u00f6nnte zum Beispiel stehen:<\/p>\r\n<!-- \/wp:paragraph --><!-- wp:quote -->\r\n<blockquote class=\"wp-block-quote\">\r\n<p>Hallo! Tags\u00fcber arbeite ich als Fahrradkurier, nachts bin ich ein aufstrebender Schauspieler und dies hier ist meine Website. Ich lebe in Berlin, habe einen gro\u00dfen Hund namens Jack, mag Pi\u00f1a Coladas, jedoch weniger (ohne Schirm) im Regen stehen gelassen zu werden.<\/p>\r\n<\/blockquote>\r\n<!-- \/wp:quote --><!-- wp:paragraph -->\r\n<p>...oder so etwas wie das hier:<\/p>\r\n<!-- \/wp:paragraph --><!-- wp:quote -->\r\n<blockquote class=\"wp-block-quote\">\r\n<p>Das Unternehmen XYZ wurde 1971 gegr\u00fcndet und versorgt die \u00d6ffentlichkeit seither mit qualitativ hochwertigen Produkten. An seinem Standort in einer kleinen Gro\u00dfstadt besch\u00e4ftigt der Betrieb \u00fcber 2.000 Menschen und unterst\u00fctzt die Stadtbewohner in vielfacher Hinsicht.<\/p>\r\n<\/blockquote>\r\n<!-- \/wp:quote --><!-- wp:paragraph -->\r\n<p>Als neuer WordPress-Benutzer solltest du <a href=\"http:\/\/daslabor.artivista.de\/wp-admin\/\">dein Dashboard<\/a> aufrufen, um diese Seite zu l\u00f6schen und neue Seiten und Beitr\u00e4ge f\u00fcr deine Website erstellen. Viel Spa\u00df!<\/p>\r\n<!-- \/wp:paragraph -->","_et_gb_content_width":"","footnotes":""},"class_list":["post-2562","page","type-page","status-publish","hentry"],"acf":[],"yoast_head":"<!-- This site is optimized with the Yoast SEO plugin v26.9 - https:\/\/yoast.com\/product\/yoast-seo-wordpress\/ -->\n<title>Portfolio - Das Labor<\/title>\n<meta name=\"robots\" content=\"index, follow, max-snippet:-1, max-image-preview:large, max-video-preview:-1\" \/>\n<link rel=\"canonical\" href=\"https:\/\/www.daslabor.com\/en\/production\/portfolio\/\" \/>\n<meta property=\"og:locale\" content=\"en_US\" \/>\n<meta property=\"og:type\" content=\"article\" \/>\n<meta property=\"og:title\" content=\"Portfolio - Das Labor\" \/>\n<meta property=\"og:description\" content=\"PRODUCTION rapid TESTS portfolio SARS-CoV-2 Antigen, kit of 15 tests SARS-CoV-2 IgG Antibody, kit of 15 tests TOYO\u00ae HBsAg, kit of 40 tests TOYO\u00ae Anti-HIV 1\/2 Test, kit of 40 tests &nbsp; Simple application, fast results Test results available in just 10 minutes Our kits include all necessary sampling materials\" \/>\n<meta property=\"og:url\" content=\"https:\/\/www.daslabor.com\/en\/production\/portfolio\/\" \/>\n<meta property=\"og:site_name\" content=\"Das Labor\" \/>\n<meta property=\"article:modified_time\" content=\"2024-11-11T14:00:53+00:00\" \/>\n<meta name=\"twitter:card\" content=\"summary_large_image\" \/>\n<meta name=\"twitter:label1\" content=\"Est. reading time\" \/>\n\t<meta name=\"twitter:data1\" content=\"1 minute\" \/>\n<script type=\"application\/ld+json\" class=\"yoast-schema-graph\">{\"@context\":\"https:\/\/schema.org\",\"@graph\":[{\"@type\":\"WebPage\",\"@id\":\"https:\/\/www.daslabor.com\/en\/production\/portfolio\/\",\"url\":\"https:\/\/www.daslabor.com\/en\/production\/portfolio\/\",\"name\":\"Portfolio - Das Labor\",\"isPartOf\":{\"@id\":\"https:\/\/www.daslabor.com\/en\/#website\"},\"datePublished\":\"2021-09-15T10:51:11+00:00\",\"dateModified\":\"2024-11-11T14:00:53+00:00\",\"breadcrumb\":{\"@id\":\"https:\/\/www.daslabor.com\/en\/production\/portfolio\/#breadcrumb\"},\"inLanguage\":\"en-US\",\"potentialAction\":[{\"@type\":\"ReadAction\",\"target\":[\"https:\/\/www.daslabor.com\/en\/production\/portfolio\/\"]}]},{\"@type\":\"BreadcrumbList\",\"@id\":\"https:\/\/www.daslabor.com\/en\/production\/portfolio\/#breadcrumb\",\"itemListElement\":[{\"@type\":\"ListItem\",\"position\":1,\"name\":\"Startseite\",\"item\":\"https:\/\/www.daslabor.com\/en\/\"},{\"@type\":\"ListItem\",\"position\":2,\"name\":\"Production\",\"item\":\"https:\/\/www.daslabor.com\/en\/production\/\"},{\"@type\":\"ListItem\",\"position\":3,\"name\":\"Portfolio\"}]},{\"@type\":\"WebSite\",\"@id\":\"https:\/\/www.daslabor.com\/en\/#website\",\"url\":\"https:\/\/www.daslabor.com\/en\/\",\"name\":\"Das Labor\",\"description\":\"\",\"potentialAction\":[{\"@type\":\"SearchAction\",\"target\":{\"@type\":\"EntryPoint\",\"urlTemplate\":\"https:\/\/www.daslabor.com\/en\/?s={search_term_string}\"},\"query-input\":{\"@type\":\"PropertyValueSpecification\",\"valueRequired\":true,\"valueName\":\"search_term_string\"}}],\"inLanguage\":\"en-US\"}]}<\/script>\n<!-- \/ Yoast SEO plugin. -->","yoast_head_json":{"title":"Portfolio - Das Labor","robots":{"index":"index","follow":"follow","max-snippet":"max-snippet:-1","max-image-preview":"max-image-preview:large","max-video-preview":"max-video-preview:-1"},"canonical":"https:\/\/www.daslabor.com\/en\/production\/portfolio\/","og_locale":"en_US","og_type":"article","og_title":"Portfolio - Das Labor","og_description":"PRODUCTION rapid TESTS portfolio SARS-CoV-2 Antigen, kit of 15 tests SARS-CoV-2 IgG Antibody, kit of 15 tests TOYO\u00ae HBsAg, kit of 40 tests TOYO\u00ae Anti-HIV 1\/2 Test, kit of 40 tests &nbsp; Simple application, fast results Test results available in just 10 minutes Our kits include all necessary sampling materials","og_url":"https:\/\/www.daslabor.com\/en\/production\/portfolio\/","og_site_name":"Das Labor","article_modified_time":"2024-11-11T14:00:53+00:00","twitter_card":"summary_large_image","twitter_misc":{"Est. reading time":"1 minute"},"schema":{"@context":"https:\/\/schema.org","@graph":[{"@type":"WebPage","@id":"https:\/\/www.daslabor.com\/en\/production\/portfolio\/","url":"https:\/\/www.daslabor.com\/en\/production\/portfolio\/","name":"Portfolio - Das Labor","isPartOf":{"@id":"https:\/\/www.daslabor.com\/en\/#website"},"datePublished":"2021-09-15T10:51:11+00:00","dateModified":"2024-11-11T14:00:53+00:00","breadcrumb":{"@id":"https:\/\/www.daslabor.com\/en\/production\/portfolio\/#breadcrumb"},"inLanguage":"en-US","potentialAction":[{"@type":"ReadAction","target":["https:\/\/www.daslabor.com\/en\/production\/portfolio\/"]}]},{"@type":"BreadcrumbList","@id":"https:\/\/www.daslabor.com\/en\/production\/portfolio\/#breadcrumb","itemListElement":[{"@type":"ListItem","position":1,"name":"Startseite","item":"https:\/\/www.daslabor.com\/en\/"},{"@type":"ListItem","position":2,"name":"Production","item":"https:\/\/www.daslabor.com\/en\/production\/"},{"@type":"ListItem","position":3,"name":"Portfolio"}]},{"@type":"WebSite","@id":"https:\/\/www.daslabor.com\/en\/#website","url":"https:\/\/www.daslabor.com\/en\/","name":"Das Labor","description":"","potentialAction":[{"@type":"SearchAction","target":{"@type":"EntryPoint","urlTemplate":"https:\/\/www.daslabor.com\/en\/?s={search_term_string}"},"query-input":{"@type":"PropertyValueSpecification","valueRequired":true,"valueName":"search_term_string"}}],"inLanguage":"en-US"}]}},"_links":{"self":[{"href":"https:\/\/www.daslabor.com\/en\/wp-json\/wp\/v2\/pages\/2562","targetHints":{"allow":["GET"]}}],"collection":[{"href":"https:\/\/www.daslabor.com\/en\/wp-json\/wp\/v2\/pages"}],"about":[{"href":"https:\/\/www.daslabor.com\/en\/wp-json\/wp\/v2\/types\/page"}],"author":[{"embeddable":true,"href":"https:\/\/www.daslabor.com\/en\/wp-json\/wp\/v2\/users\/1"}],"replies":[{"embeddable":true,"href":"https:\/\/www.daslabor.com\/en\/wp-json\/wp\/v2\/comments?post=2562"}],"version-history":[{"count":21,"href":"https:\/\/www.daslabor.com\/en\/wp-json\/wp\/v2\/pages\/2562\/revisions"}],"predecessor-version":[{"id":11671,"href":"https:\/\/www.daslabor.com\/en\/wp-json\/wp\/v2\/pages\/2562\/revisions\/11671"}],"up":[{"embeddable":true,"href":"https:\/\/www.daslabor.com\/en\/wp-json\/wp\/v2\/pages\/2556"}],"wp:attachment":[{"href":"https:\/\/www.daslabor.com\/en\/wp-json\/wp\/v2\/media?parent=2562"}],"curies":[{"name":"wp","href":"https:\/\/api.w.org\/{rel}","templated":true}]}}